{"id":2049,"date":"2023-10-25T11:05:37","date_gmt":"2023-10-25T11:05:37","guid":{"rendered":"https:\/\/scooterandbikerental.com\/cookies-politik\/"},"modified":"2024-09-20T09:19:52","modified_gmt":"2024-09-20T09:19:52","slug":"cookies-politik","status":"publish","type":"page","link":"https:\/\/scooterandbikerental.com\/de\/cookies-politik\/","title":{"rendered":"Cookies-Politik"},"content":{"rendered":"\t\t<div data-elementor-type=\"wp-page\" data-elementor-id=\"2049\" class=\"elementor elementor-2049 elementor-660\" data-elementor-post-type=\"page\">\n\t\t\t\t<div class=\"elementor-element elementor-element-3ad75cb e-flex e-con-boxed e-con e-parent\" data-id=\"3ad75cb\" data-element_type=\"container\" data-e-type=\"container\">\n\t\t\t\t\t<div class=\"e-con-inner\">\n\t\t\t\t<div class=\"elementor-element elementor-element-6688a11 elementor-widget elementor-widget-heading\" data-id=\"6688a11\" data-element_type=\"widget\" data-e-type=\"widget\" data-widget_type=\"heading.default\">\n\t\t\t\t<div class=\"elementor-widget-container\">\n\t\t\t\t\t<h1 class=\"elementor-heading-title elementor-size-default\">COOKIE-POLITIK<\/h1>\t\t\t\t<\/div>\n\t\t\t\t<\/div>\n\t\t\t\t\t<\/div>\n\t\t\t\t<\/div>\n\t\t<div class=\"elementor-element elementor-element-01bca0f e-flex e-con-boxed e-con e-parent\" data-id=\"01bca0f\" data-element_type=\"container\" data-e-type=\"container\">\n\t\t\t\t\t<div class=\"e-con-inner\">\n\t\t\t\t<div class=\"elementor-element elementor-element-250d24d elementor-widget elementor-widget-text-editor\" data-id=\"250d24d\" data-element_type=\"widget\" data-e-type=\"widget\" data-widget_type=\"text-editor.default\">\n\t\t\t\t<div class=\"elementor-widget-container\">\n\t\t\t\t\t\t\t\t\t<strong class=\"title txt-lemon\">COOKIE-POLITIK<\/strong>\n\nUnsere Website scooterandbikerental.com verwendet eine Technologie namens \"Cookies\", um Informationen \u00fcber die Nutzung der Website durch den Benutzer zu sammeln, um seine Surfgewohnheiten zu analysieren, um sie zu erleichtern und um ihn von anderen Benutzern zu unterscheiden. In \u00dcbereinstimmung mit den Bestimmungen des Artikels 22.2 des Gesetzes 34\/2002 vom 11. Juli \u00fcber die Dienste der Informationsgesellschaft und den elektronischen Handel hat diese Cookie-Politik zum Ziel, den Benutzer \u00fcber die Politik der Sammlung und Verarbeitung von Cookies zu informieren.\n\n\n\n<strong class=\"title txt-lemon\">Was sind Cookies?<\/strong>\n\nCookies sind kleine Dateien, die eine Zeichenfolge (Text) enthalten, die vom Server einer Website an Ihren Browser gesendet wird. Das Cookie kann eine eindeutige Kennung haben, enth\u00e4lt aber keine pers\u00f6nlich identifizierbaren Informationen, wie z.B. Ihren Namen oder Ihre E-Mail Adresse. TOURS AND EXCURSIONS kann Cookies verwenden, wenn Sie ihre Website besuchen oder andere Websites besuchen, auf denen TOURS AND EXCURSIONS Werbung macht. Der Internetbrowser des Nutzers dieser Website speichert das Cookie auf der Festplatte seines Computers und die Website kann bei seinem n\u00e4chsten Besuch darauf zugreifen. Andere Websites k\u00f6nnen ebenfalls Cookies an Ihren Browser senden, aber Ihr Browser erlaubt diesen Websites nicht, die Cookie-Informationen von <a href=\"https:\/\/scooterandbikerental.com\/de\/\">scooterandbikerental.co<\/a>zu sehen.    \n\n<strong class=\"title txt-lemon\">Auf dieser Website verwendete Cookies<\/strong>\n\nEinerseits verwendet diese Website eigene technische Cookies, f\u00fcr die keine Zustimmung des Benutzers erforderlich ist, da sie vom Anwendungsbereich des Art. 22.2 des Gesetzes 34\/2002 vom 11. Juli \u00fcber die Dienste der Informationsgesellschaft und den elektronischen Handel ausgenommen sind. Auf dieser Website sind jedoch auch Cookies installiert, die die Zustimmung der Nutzer erfordern. Im Folgenden werden wir gem\u00e4\u00df den Richtlinien der spanischen Datenschutzbeh\u00f6rde die Verwendung von Cookies detailliert beschreiben, indem wir sie identifizieren und ihre Art und Funktion erl\u00e4utern, um Sie so genau wie m\u00f6glich zu informieren.\n\n \n\n<strong class=\"title txt-lemon\">COOKIES, DIE DERZEIT AUF UNSERER WEBSITE VERWENDET WERDEN<\/strong>\n\nIm Folgenden informieren wir Sie \u00fcber alle Arten von Cookies, die derzeit auf unserer Website verwendet werden, und \u00fcber den Zweck jedes einzelnen von ihnen. Diese Website verwendet die folgenden Cookies, sowohl eigene als auch von Dritten:\n<figure>\n<table>\n<tbody>\n<tr>\n<td><strong>Cookie-Name<\/strong><\/td>\n<td><strong>Zweck<\/strong><\/td>\n<td><strong>Anbieter<\/strong><\/td>\n<td><strong>Dauer<\/strong><\/td>\n<\/tr>\n<tr>\n<td>Sitzungs-Cookie<\/td>\n<td>T\u00e9cnica<\/td>\n<td>Propia<\/td>\n<td>De sesi\u00f3n<\/td>\n<\/tr>\n<tr>\n<td>_ga<\/td>\n<td>Cookie anal\u00edtica de GOOGLE Analytics que se usa para distinguir a los usuarios<\/td>\n<td>Terceros<\/td>\n<td>Persistente 2 a\u00f1os<\/td>\n<\/tr>\n<tr>\n<td>_gid<\/td>\n<td>Cookie anal\u00edtica de GOOGLE Analytics que se usa para distinguir a los usuarios<\/td>\n<td>Terceros<\/td>\n<td>Persistente 24 horas<\/td>\n<\/tr>\n<tr>\n<td>_gat<\/td>\n<td>Cookie anal\u00edtica de GOOGLE Analytics que se usa para limitar el porcentaje de solicitudes<\/td>\n<td>Terceros<\/td>\n<td>1 minuto<\/td>\n<\/tr>\n<tr>\n<td>cookie_notice_accepted<\/td>\n<td>Funcional<\/td>\n<td>Terceros<\/td>\n<td>1 mes<\/td>\n<\/tr>\n<\/tbody>\n<\/table>\n<\/figure>\n<strong class=\"title txt-lemon\">DATENKOMMUNIKATION<\/strong>\n\nIm Allgemeinen wird TOURS AND EXCURSIONS diese pers\u00f6nlichen Daten nicht an Dritte weitergeben, mit der Ausnahme, dass die Erbringung einer Dienstleistung eine vertragliche Beziehung mit einem Datenverarbeiter erfordert und dies unbedingt notwendig ist, um die Beziehung zwischen dem Nutzer und dem genannten Unternehmen zu verwalten und aufrechtzuerhalten, mit vorheriger ausdr\u00fccklicher Genehmigung des Nutzers. Dies geschieht nur f\u00fcr den Zeitraum, der f\u00fcr die Ausf\u00fchrung des Auftrags erforderlich ist, und unter denselben Bedingungen und mit denselben Verantwortlichkeiten, die f\u00fcr den f\u00fcr die Verarbeitung Verantwortlichen gelten. Nach Beendigung des Auftrags gibt der Auftragsverarbeiter die personenbezogenen Daten an den f\u00fcr die Verarbeitung Verantwortlichen zur\u00fcck und l\u00f6scht alle Kopien in seinem Besitz.\n\nAndererseits haben nur Dritte, mit denen TOURS AND EXCURSIONS eine gesetzliche oder vertragliche Verpflichtung hat, diese pers\u00f6nlichen Daten zu \u00fcbermitteln, einschlie\u00dflich, zum Beispiel, der Ombudsmann und Richter und Gerichte, die an den Verfahren im Zusammenhang mit den vorgelegten Beschwerden interessiert sind, das Recht auf Zugang zu diesen pers\u00f6nlichen Daten.\n\n<strong class=\"title txt-lemon\">RECHTE DER BETROFFENEN PARTEIEN<\/strong>\n\nDer Nutzer kann jederzeit unter den in der geltenden Gesetzgebung festgelegten Bedingungen das Recht auf Zugang, Berichtigung oder L\u00f6schung von Daten aus\u00fcben, die Einschr\u00e4nkung der Verarbeitung verlangen, der Verarbeitung widersprechen, die \u00dcbertragbarkeit seiner Daten beantragen sowie die erteilte Einwilligung widerrufen, Rechte, die in der oben genannten Verordnung (EU) anerkannt werden. Die Aus\u00fcbung dieser Rechte kann durch den Nutzer erfolgen, indem er sich an TOURS AND EXCURSIONS unter der oben angegebenen Adresse des Firmensitzes wendet, eine E-Mail an die folgende Adresse <a href=\"mailto:reservas@scooterandbikerental.com\">reservas@scooterandbikerental.com<\/a> schickt oder an die Postadresse Avenida Tirajana, 32 local 7, 35100.\n\nUm diese Rechte wirksam wahrnehmen zu k\u00f6nnen, m\u00fcssen die Nutzer ihre Identit\u00e4t nachweisen, indem sie ihren Vor- und Nachnamen, eine Fotokopie ihres Personalausweises oder eines gleichwertigen Ausweises, der ihre Identit\u00e4t belegt, einen Antrag, in dem der Antragsteller sein Anliegen darlegt, eine Anschrift f\u00fcr die Zustellung sowie das Datum und die Unterschrift des Antragstellers angeben.\n\nEbenso kann der Nutzer eine Beschwerde bei der spanischen Datenschutzbeh\u00f6rde (zust\u00e4ndige Aufsichtsbeh\u00f6rde in dieser Angelegenheit) einreichen, insbesondere wenn er bei der Aus\u00fcbung seiner Rechte keine Genugtuung erhalten hat, indem er sich schriftlich an diese Beh\u00f6rde, C\/ Jorge Juan, n\u00ba 6, 28001 - Madrid, oder \u00fcber die Website wendet: <a href=\"https:\/\/www.agpd.es\" target=\"_blank\" rel=\"noopener nofollow\">https:\/\/www.agpd.es<\/a>.\t\t\t\t\t\t\t\t<\/div>\n\t\t\t\t<\/div>\n\t\t\t\t\t<\/div>\n\t\t\t\t<\/div>\n\t\t\t\t<\/div>\n\t\t","protected":false},"excerpt":{"rendered":"<p>COOKIE-POLITIK COOKIE-POLITIK Unsere Website scooterandbikerental.com verwendet eine Technologie namens \"Cookies\", um Informationen \u00fcber die Nutzung der Website durch den Benutzer zu sammeln, um seine Surfgewohnheiten zu analysieren, um sie zu erleichtern und um ihn von anderen Benutzern zu unterscheiden. In \u00dcbereinstimmung mit den Bestimmungen des Artikels 22.2 des Gesetzes 34\/2002 vom 11. Juli \u00fcber die [&hellip;]<\/p>\n","protected":false},"author":1,"featured_media":0,"parent":0,"menu_order":0,"comment_status":"closed","ping_status":"closed","template":"","meta":{"site-sidebar-layout":"no-sidebar","site-content-layout":"","ast-site-content-layout":"full-width-container","site-content-style":"default","site-sidebar-style":"default","ast-global-header-display":"","ast-banner-title-visibility":"","ast-main-header-display":"","ast-hfb-above-header-display":"","ast-hfb-below-header-display":"","ast-hfb-mobile-header-display":"","site-post-title":"disabled","ast-breadcrumbs-content":"","ast-featured-img":"disabled","footer-sml-layout":"","ast-disable-related-posts":"","theme-transparent-header-meta":"","adv-header-id-meta":"","stick-header-meta":"","header-above-stick-meta":"","header-main-stick-meta":"","header-below-stick-meta":"","astra-migrate-meta-layouts":"default","ast-page-background-enabled":"default","ast-page-background-meta":{"desktop":{"background-color":"var(--ast-global-color-4)","background-image":"","background-repeat":"repeat","background-position":"center center","background-size":"auto","background-attachment":"scroll","background-type":"","background-media":"","overlay-type":"","overlay-color":"","overlay-opacity":"","overlay-gradient":""},"tablet":{"background-color":"","background-image":"","background-repeat":"repeat","background-position":"center center","background-size":"auto","background-attachment":"scroll","background-type":"","background-media":"","overlay-type":"","overlay-color":"","overlay-opacity":"","overlay-gradient":""},"mobile":{"background-color":"","background-image":"","background-repeat":"repeat","background-position":"center center","background-size":"auto","background-attachment":"scroll","background-type":"","background-media":"","overlay-type":"","overlay-color":"","overlay-opacity":"","overlay-gradient":""}},"ast-content-background-meta":{"desktop":{"background-color":"var(--ast-global-color-5)","background-image":"","background-repeat":"repeat","background-position":"center center","background-size":"auto","background-attachment":"scroll","background-type":"","background-media":"","overlay-type":"","overlay-color":"","overlay-opacity":"","overlay-gradient":""},"tablet":{"background-color":"var(--ast-global-color-5)","background-image":"","background-repeat":"repeat","background-position":"center center","background-size":"auto","background-attachment":"scroll","background-type":"","background-media":"","overlay-type":"","overlay-color":"","overlay-opacity":"","overlay-gradient":""},"mobile":{"background-color":"var(--ast-global-color-5)","background-image":"","background-repeat":"repeat","background-position":"center center","background-size":"auto","background-attachment":"scroll","background-type":"","background-media":"","overlay-type":"","overlay-color":"","overlay-opacity":"","overlay-gradient":""}},"_mbp_gutenberg_autopost":false,"footnotes":""},"class_list":["post-2049","page","type-page","status-publish","hentry"],"_links":{"self":[{"href":"https:\/\/scooterandbikerental.com\/de\/wp-json\/wp\/v2\/pages\/2049","targetHints":{"allow":["GET"]}}],"collection":[{"href":"https:\/\/scooterandbikerental.com\/de\/wp-json\/wp\/v2\/pages"}],"about":[{"href":"https:\/\/scooterandbikerental.com\/de\/wp-json\/wp\/v2\/types\/page"}],"author":[{"embeddable":true,"href":"https:\/\/scooterandbikerental.com\/de\/wp-json\/wp\/v2\/users\/1"}],"replies":[{"embeddable":true,"href":"https:\/\/scooterandbikerental.com\/de\/wp-json\/wp\/v2\/comments?post=2049"}],"version-history":[{"count":7,"href":"https:\/\/scooterandbikerental.com\/de\/wp-json\/wp\/v2\/pages\/2049\/revisions"}],"predecessor-version":[{"id":3205,"href":"https:\/\/scooterandbikerental.com\/de\/wp-json\/wp\/v2\/pages\/2049\/revisions\/3205"}],"wp:attachment":[{"href":"https:\/\/scooterandbikerental.com\/de\/wp-json\/wp\/v2\/media?parent=2049"}],"curies":[{"name":"wp","href":"https:\/\/api.w.org\/{rel}","templated":true}]}}