{"id":2050,"date":"2023-10-25T07:43:25","date_gmt":"2023-10-25T07:43:25","guid":{"rendered":"https:\/\/scooterandbikerental.com\/datenschutzbestimmungen\/"},"modified":"2025-01-15T12:44:59","modified_gmt":"2025-01-15T12:44:59","slug":"datenschutzbestimmungen","status":"publish","type":"page","link":"https:\/\/scooterandbikerental.com\/de\/datenschutzbestimmungen\/","title":{"rendered":"Datenschutzbestimmungen"},"content":{"rendered":"\t\t<div data-elementor-type=\"wp-page\" data-elementor-id=\"2050\" class=\"elementor elementor-2050 elementor-460\" data-elementor-post-type=\"page\">\n\t\t\t\t<div class=\"elementor-element elementor-element-df46c3d e-flex e-con-boxed e-con e-parent\" data-id=\"df46c3d\" data-element_type=\"container\" data-e-type=\"container\">\n\t\t\t\t\t<div class=\"e-con-inner\">\n\t\t\t\t<div class=\"elementor-element elementor-element-83ab470 uppercase elementor-widget elementor-widget-heading\" data-id=\"83ab470\" data-element_type=\"widget\" data-e-type=\"widget\" data-widget_type=\"heading.default\">\n\t\t\t\t<div class=\"elementor-widget-container\">\n\t\t\t\t\t<h1 class=\"elementor-heading-title elementor-size-default\">Datenschutzbestimmungen<\/h1>\t\t\t\t<\/div>\n\t\t\t\t<\/div>\n\t\t\t\t\t<\/div>\n\t\t\t\t<\/div>\n\t\t<div class=\"elementor-element elementor-element-f82799e e-flex e-con-boxed e-con e-parent\" data-id=\"f82799e\" data-element_type=\"container\" data-e-type=\"container\">\n\t\t\t\t\t<div class=\"e-con-inner\">\n\t\t\t\t<div class=\"elementor-element elementor-element-008bb49 elementor-widget elementor-widget-text-editor\" data-id=\"008bb49\" data-element_type=\"widget\" data-e-type=\"widget\" data-widget_type=\"text-editor.default\">\n\t\t\t\t<div class=\"elementor-widget-container\">\n\t\t\t\t\t\t\t\t\t<p>TOURS AND EXCURSIONS informiert die Nutzer seiner Website scooterandbikerental.com durch diese Datenschutzrichtlinie \u00fcber die Behandlung und den Schutz der pers\u00f6nlichen Daten der Nutzer, die durch ihr Surfen oder die Inanspruchnahme von Dienstleistungen, die sie in diesem Portal durchf\u00fchren, gesammelt werden k\u00f6nnen. Die Nutzung dieser Website durch den Nutzer setzt die Zustimmung zu dieser Datenschutzrichtlinie voraus.<\/p>\n<p>TOURS AND EXURSIONS ergreift die erforderlichen Ma\u00dfnahmen, um die Sicherheit, Integrit\u00e4t und Vertraulichkeit der Daten gem\u00e4\u00df den Bestimmungen der Verordnung (EU) 2016\/679 des Europ\u00e4ischen Parlaments und des Rates vom 27. April 2016 zum Schutz zu gew\u00e4hrleisten nat\u00fcrlicher Personen in Bezug auf die Verarbeitung personenbezogener Daten und deren freien Verkehr sowie in Angelegenheiten, die nicht im Organgesetz 3\/2018 vom 5. Dezember \u00fcber den Schutz personenbezogener Daten und die Gew\u00e4hrleistung digitaler Rechte, K\u00f6niglicher Erlass 1720\/2007, vorgesehen sind vom 21. Dezember, das die Verordnungen zur Entwicklung des Organgesetzes zum Datenschutz und des Gesetzes 34\/2002 vom 11. Juli \u00fcber gesellschaftliche Dienstleistungen im Bereich Information und elektronischen Handel genehmigt.<\/p>\n<p>\u00dcber die Registrierungsformulare auf dieser Website oder durch das Versenden einer E-Mail werden personenbezogene Daten jedes Nutzers erhoben und verarbeitet, die f\u00fcr die Verwaltung und Aufrechterhaltung einiger der bereitgestellten Dienste erforderlich sind und deren Verarbeitung durch diese Datenschutzrichtlinie geregelt wird.<\/p>\n<p><strong class=\"txt-lemon\">VERANTWORTLICHER F\u00dcR DIE VERARBEITUNG PERSONENBEZOGENER DATEN<\/strong><\/p>\n<p>Verantwortlich f\u00fcr die Verarbeitung der personenbezogenen Daten, die der Nutzer beim Zugriff auf die Website und deren Nutzung angibt, ist als Inhaber TOURS AND EXCURSIONS, mit NIF\/CIF X6671117J, mit Sitz in Avenida Tirajana, 32 local 7, 35100, Telefon 672529806 und E-Mail Adresse <a href=\"mailto:reservas@scooterandbikerental.com\">reservas@scooterandbikerental.com<\/a>.<\/p>\n<p>TOURS AND EXURSIONS verpflichtet sich, die in den oben genannten Vorschriften vorgesehenen Computersicherheitsma\u00dfnahmen anzuwenden, um den Zugriff oder die missbr\u00e4uchliche Verwendung von Daten, deren Manipulation, Verschlechterung oder Verlust zu verhindern.<\/p>\n<p><strong class=\"txt-lemon\">DAUER DER DATENSPEICHERUNG<\/strong><\/p>\n<p>TOURS AND EXURSIONS verpflichtet sich als Datenverantwortlicher, die \u00fcber diese Website gesammelten personenbezogenen Daten und Informationen vertraulich zu speichern und zu verwalten, solange die entstandene berufliche Beziehung aufrechterhalten wird und der Interessent nicht deren L\u00f6schung verlangt und gegebenenfalls , f\u00fcr einen Zeitraum von h\u00f6chstens 5 Jahren, gerechnet ab dem Ende der zwischen dem Nutzer und TOURS AND EXURSIONS bestehenden Gesch\u00e4ftsbeziehung. Die f\u00fcr die Verarbeitung verantwortliche Person kann die Daten jedoch ordnungsgem\u00e4\u00df sperren, um eventuellen Verwaltungs- oder Gerichtspflichten nachzukommen.<\/p>\n<p><strong class=\"txt-lemon\">ZWECKE DER DATENVERARBEITUNG<\/strong><\/p>\n<p>Als Verarbeitung personenbezogener Daten gelten die Vorg\u00e4nge, Verfahren und technischen Verfahren, die automatisch oder nicht automatisiert durchgef\u00fchrt werden und die Erhebung, Speicherung, \u00c4nderung, \u00dcbertragung und andere Aktionen in Bezug auf personenbezogene Daten erm\u00f6glichen.<\/p>\n<p>Bei TOURS AND EXURSIONS verarbeiten wir die personenbezogenen Daten, die uns der Nutzer \u00fcber scooterandbikerental.com zur Verf\u00fcgung stellt, um sie in die Kontaktliste aufzunehmen, die gew\u00fcnschte Gesch\u00e4ftsbeziehung zu verwalten und diese Informationen somit als Kontaktmittel f\u00fcr das genannte Unternehmen zu nutzen. Dar\u00fcber hinaus umfasst die Verarbeitung dieser erhobenen Daten auch die Verwaltung der \u00dcbermittlung der von uns angeforderten Informationen und die Beantwortung der vom Nutzer \u00fcber die Website gestellten Anfragen und die Bereitstellung der von uns angebotenen Dienstleistungen f\u00fcr die Interessenten Angebot. sind f\u00fcr Sie von Interesse.<\/p>\n<p>Damit TOURS AND EXKURSIONS die oben genannten Zwecke erf\u00fcllen kann, m\u00fcssen die Felder in den Aufzeichnungen ausgef\u00fcllt werden.<\/p>\n<p>Der Nutzer kann der Zusendung kommerzieller Mitteilungen jederzeit widersprechen, indem er eine E-Mail-Nachricht an die oben angegebene Adresse sendet.<\/p>\n<p><strong class=\"txt-lemon\">Legitimation f\u00fcr die Datenverarbeitung<\/strong><\/p>\n<p>Die Verarbeitung der vom Nutzer bereitgestellten personenbezogenen Daten erfolgt auf Grundlage der folgenden Rechtsgrundlagen, die sie legitimieren:<\/p>\n<p>Die Beauftragung von TOUREN UND AUSFL\u00dcGEN und die Ausf\u00fchrung des gew\u00fcnschten beruflichen Auftrags, deren Gesch\u00e4ftsbedingungen dem Nutzer vor einem m\u00f6glichen Vertragsabschluss zur Verf\u00fcgung gestellt werden. Zur Durchf\u00fchrung dieser gew\u00fcnschten beruflichen Beziehung ist der Interessent verpflichtet, seine Daten bereitzustellen.<\/p>\n<p>Freie, spezifische, informierte und eindeutige Einwilligung, da der Benutzer nach dem Lesen dieser Datenschutzrichtlinie informiert ist und diese bei Zustimmung durch eine Erkl\u00e4rung oder eine eindeutige best\u00e4tigende Handlung, wie z. B. das Ankreuzen eines f\u00fcr diesen Zweck verf\u00fcgbaren K\u00e4stchens, akzeptieren kann .<\/p>\n<p>F\u00fcr den Fall, dass der Interessent die oben genannten Daten nicht bereitstellt oder diese fehlerhaft oder ungenau sind, k\u00f6nnen wir nicht auf seine Anfrage reagieren, was es unm\u00f6glich macht, die angeforderten Informationen bereitzustellen oder den Vertrag \u00fcber die Dienstleistungen abzuschlie\u00dfen. Daher wird die f\u00fcr die Behandlung, TOUREN UND AUSFL\u00dcGE verantwortliche Person von jeglicher Verantwortung entbunden, die sich aus der Nichterf\u00fcllung des beruflichen Auftrags oder den Folgen ergeben k\u00f6nnte, die sich aus diesen ungenauen oder fehlerhaften Informationen ergeben.<\/p>\n<p><strong class=\"txt-lemon\">DATENKOMMUNIKATION<\/strong><\/p>\n<p>Im Allgemeinen wird TOURS AND EXCURSIONS diese pers\u00f6nlichen Daten nicht an Dritte weitergeben, mit der Ausnahme, dass die Erbringung einer Dienstleistung eine vertragliche Beziehung mit einem Datenverarbeiter erfordert und dies unbedingt notwendig ist, um die Beziehung zwischen dem Nutzer und dem genannten Unternehmen zu verwalten und aufrechtzuerhalten, mit vorheriger ausdr\u00fccklicher Genehmigung des Nutzers. Dies geschieht nur so lange, wie es f\u00fcr die Ausf\u00fchrung des Auftrags erforderlich ist, und unter den gleichen Bedingungen und mit den gleichen Verantwortlichkeiten, wie sie von der verantwortlichen Person verlangt werden. Nach Beendigung des Auftrags gibt der Auftragsverarbeiter die personenbezogenen Daten an den f\u00fcr die Verarbeitung Verantwortlichen zur\u00fcck und l\u00f6scht alle Kopien in seinem Besitz.<\/p>\n<p>Andererseits haben nur Dritte, mit denen TOURS AND EXCURSIONS eine gesetzliche oder vertragliche Verpflichtung hat, diese pers\u00f6nlichen Daten zu \u00fcbermitteln, einschlie\u00dflich, zum Beispiel, der Ombudsmann und Richter und Gerichte, die an den Verfahren im Zusammenhang mit den vorgelegten Beschwerden interessiert sind, das Recht, auf diese pers\u00f6nlichen Daten zuzugreifen.<\/p>\n<p><strong class=\"txt-lemon\">RECHTE DER BETROFFENEN PARTEIEN<\/strong><\/p>\n<p>Der Nutzer kann jederzeit unter den in der geltenden Gesetzgebung festgelegten Bedingungen das Recht auf Zugang, Berichtigung oder L\u00f6schung von Daten aus\u00fcben, die Einschr\u00e4nkung der Verarbeitung verlangen, der Verarbeitung widersprechen, die \u00dcbertragbarkeit seiner Daten beantragen sowie die erteilte Einwilligung widerrufen, Rechte, die in der oben genannten Verordnung (EU) anerkannt werden. Diese Rechte k\u00f6nnen vom Nutzer ausge\u00fcbt werden, indem er sich an TOURS AND EXCURSIONS unter der oben angegebenen Adresse des Firmensitzes wendet oder indem er eine E-Mail an die folgende Adresse schickt <a href=\"mailto:reservas@scooterandbikerental.com\">reservas@scooterandbikerental.com<\/a> oder an die Postanschrift Avenida Tirajana, 32 local 7, 35100.<\/p>\n<p>Um diese Rechte wirksam wahrnehmen zu k\u00f6nnen, m\u00fcssen die Nutzer ihre Identit\u00e4t nachweisen, indem sie ihren Vor- und Nachnamen, eine Fotokopie ihres Personalausweises oder eines gleichwertigen Ausweises, der ihre Identit\u00e4t belegt, einen Antrag, in dem der Antragsteller sein Anliegen darlegt, eine Anschrift f\u00fcr die Zustellung sowie das Datum und die Unterschrift des Antragstellers angeben.<\/p>\n<p>Ebenso kann der Nutzer eine Beschwerde bei der spanischen Datenschutzbeh\u00f6rde (zust\u00e4ndige Aufsichtsbeh\u00f6rde in dieser Angelegenheit) einreichen, insbesondere wenn er bei der Aus\u00fcbung seiner Rechte keine Genugtuung erhalten hat, indem er sich schriftlich an diese Beh\u00f6rde, C\/ Jorge Juan, n\u00ba 6, 28001 - Madrid, oder \u00fcber die Website wendet: <a href=\"https:\/\/www.agpd.es\" target=\"_blank\" rel=\"noopener nofollow\">https:\/\/www.agpd.es<\/a><\/p>\n\t\t\t\t\t\t\t\t<\/div>\n\t\t\t\t<\/div>\n\t\t\t\t\t<\/div>\n\t\t\t\t<\/div>\n\t\t\t\t<\/div>\n\t\t","protected":false},"excerpt":{"rendered":"<p>Datenschutzbestimmungen TOURS AND EXCURSIONS informiert die Nutzer seiner Website scooterandbikerental.com durch diese Datenschutzrichtlinie \u00fcber die Behandlung und den Schutz der pers\u00f6nlichen Daten der Nutzer, die durch ihr Surfen oder die Inanspruchnahme von Dienstleistungen, die sie in diesem Portal durchf\u00fchren, gesammelt werden k\u00f6nnen. Die Nutzung dieser Website durch den Nutzer setzt die Zustimmung zu dieser Datenschutzrichtlinie [&hellip;]<\/p>\n","protected":false},"author":1,"featured_media":0,"parent":0,"menu_order":0,"comment_status":"closed","ping_status":"closed","template":"","meta":{"site-sidebar-layout":"no-sidebar","site-content-layout":"","ast-site-content-layout":"full-width-container","site-content-style":"default","site-sidebar-style":"default","ast-global-header-display":"","ast-banner-title-visibility":"","ast-main-header-display":"","ast-hfb-above-header-display":"","ast-hfb-below-header-display":"","ast-hfb-mobile-header-display":"","site-post-title":"disabled","ast-breadcrumbs-content":"","ast-featured-img":"disabled","footer-sml-layout":"","ast-disable-related-posts":"","theme-transparent-header-meta":"","adv-header-id-meta":"","stick-header-meta":"","header-above-stick-meta":"","header-main-stick-meta":"","header-below-stick-meta":"","astra-migrate-meta-layouts":"default","ast-page-background-enabled":"default","ast-page-background-meta":{"desktop":{"background-color":"var(--ast-global-color-4)","background-image":"","background-repeat":"repeat","background-position":"center center","background-size":"auto","background-attachment":"scroll","background-type":"","background-media":"","overlay-type":"","overlay-color":"","overlay-opacity":"","overlay-gradient":""},"tablet":{"background-color":"","background-image":"","background-repeat":"repeat","background-position":"center center","background-size":"auto","background-attachment":"scroll","background-type":"","background-media":"","overlay-type":"","overlay-color":"","overlay-opacity":"","overlay-gradient":""},"mobile":{"background-color":"","background-image":"","background-repeat":"repeat","background-position":"center center","background-size":"auto","background-attachment":"scroll","background-type":"","background-media":"","overlay-type":"","overlay-color":"","overlay-opacity":"","overlay-gradient":""}},"ast-content-background-meta":{"desktop":{"background-color":"var(--ast-global-color-5)","background-image":"","background-repeat":"repeat","background-position":"center center","background-size":"auto","background-attachment":"scroll","background-type":"","background-media":"","overlay-type":"","overlay-color":"","overlay-opacity":"","overlay-gradient":""},"tablet":{"background-color":"var(--ast-global-color-5)","background-image":"","background-repeat":"repeat","background-position":"center center","background-size":"auto","background-attachment":"scroll","background-type":"","background-media":"","overlay-type":"","overlay-color":"","overlay-opacity":"","overlay-gradient":""},"mobile":{"background-color":"var(--ast-global-color-5)","background-image":"","background-repeat":"repeat","background-position":"center center","background-size":"auto","background-attachment":"scroll","background-type":"","background-media":"","overlay-type":"","overlay-color":"","overlay-opacity":"","overlay-gradient":""}},"_mbp_gutenberg_autopost":false,"footnotes":""},"class_list":["post-2050","page","type-page","status-publish","hentry"],"_links":{"self":[{"href":"https:\/\/scooterandbikerental.com\/de\/wp-json\/wp\/v2\/pages\/2050","targetHints":{"allow":["GET"]}}],"collection":[{"href":"https:\/\/scooterandbikerental.com\/de\/wp-json\/wp\/v2\/pages"}],"about":[{"href":"https:\/\/scooterandbikerental.com\/de\/wp-json\/wp\/v2\/types\/page"}],"author":[{"embeddable":true,"href":"https:\/\/scooterandbikerental.com\/de\/wp-json\/wp\/v2\/users\/1"}],"replies":[{"embeddable":true,"href":"https:\/\/scooterandbikerental.com\/de\/wp-json\/wp\/v2\/comments?post=2050"}],"version-history":[{"count":7,"href":"https:\/\/scooterandbikerental.com\/de\/wp-json\/wp\/v2\/pages\/2050\/revisions"}],"predecessor-version":[{"id":3170,"href":"https:\/\/scooterandbikerental.com\/de\/wp-json\/wp\/v2\/pages\/2050\/revisions\/3170"}],"wp:attachment":[{"href":"https:\/\/scooterandbikerental.com\/de\/wp-json\/wp\/v2\/media?parent=2050"}],"curies":[{"name":"wp","href":"https:\/\/api.w.org\/{rel}","templated":true}]}}