{"id":1690,"date":"2023-10-25T11:05:37","date_gmt":"2023-10-25T11:05:37","guid":{"rendered":"https:\/\/scooter.klawterworks.com\/politica-de-cookies\/"},"modified":"2025-02-12T08:55:51","modified_gmt":"2025-02-12T08:55:51","slug":"politica-de-cookies","status":"publish","type":"page","link":"https:\/\/scooterandbikerental.com\/es\/politica-de-cookies\/","title":{"rendered":"Pol\u00edtica de cookies"},"content":{"rendered":"\t\t<div data-elementor-type=\"wp-page\" data-elementor-id=\"1690\" class=\"elementor elementor-1690 elementor-660\" data-elementor-post-type=\"page\">\n\t\t\t\t<div class=\"elementor-element elementor-element-3ad75cb e-flex e-con-boxed e-con e-parent\" data-id=\"3ad75cb\" data-element_type=\"container\" data-e-type=\"container\">\n\t\t\t\t\t<div class=\"e-con-inner\">\n\t\t\t\t<div class=\"elementor-element elementor-element-6688a11 elementor-widget elementor-widget-heading\" data-id=\"6688a11\" data-element_type=\"widget\" data-e-type=\"widget\" data-widget_type=\"heading.default\">\n\t\t\t\t<div class=\"elementor-widget-container\">\n\t\t\t\t\t<h1 class=\"elementor-heading-title elementor-size-default\">POL\u00cdTICA DE COOKIES<\/h1>\t\t\t\t<\/div>\n\t\t\t\t<\/div>\n\t\t\t\t\t<\/div>\n\t\t\t\t<\/div>\n\t\t<div class=\"elementor-element elementor-element-01bca0f e-flex e-con-boxed e-con e-parent\" data-id=\"01bca0f\" data-element_type=\"container\" data-e-type=\"container\">\n\t\t\t\t\t<div class=\"e-con-inner\">\n\t\t\t\t<div class=\"elementor-element elementor-element-250d24d elementor-widget elementor-widget-text-editor\" data-id=\"250d24d\" data-element_type=\"widget\" data-e-type=\"widget\" data-widget_type=\"text-editor.default\">\n\t\t\t\t<div class=\"elementor-widget-container\">\n\t\t\t\t\t\t\t\t\t<p>Nuestro sitio web scooterandbikerental.com utiliza una tecnolog\u00eda denominada \u201ccookies\u201d con la finalidad de poder recabar informaci\u00f3n acerca del uso que realiza el usuario de la p\u00e1gina web con el objetivo de analizar sus h\u00e1bitos de navegaci\u00f3n para as\u00ed facilitarle la misma y poder distinguirlo de otros usuarios. En cumplimiento con lo previsto en el art\u00edculo 22.2 de la Ley 34\/2002, de 11 de julio, de Servicios de la Sociedad de la Informaci\u00f3n y de Comercio Electr\u00f3nico, la presente Pol\u00edtica de Cookies tiene como finalidad informar al usuario sobre la pol\u00edtica de recogida y tratamiento de cookies.<\/p><h2><strong class=\"title txt-lemon\">\u00bfQu\u00e9 son las cookies?<\/strong><\/h2><p>Las cookies son peque\u00f1os archivos que contienen una serie de caracteres (texto) que se env\u00edan a su explorador desde el servidor de un sitio web. La cookie puede tener un identificador \u00fanico pero no contiene informaci\u00f3n de identificaci\u00f3n personal, como su nombre o direcci\u00f3n de correo electr\u00f3nico. TOURS AND EXCURSIONS puede usar cookies cuando usted visita su sitio web o visita otros sitios web donde TOURS AND EXCURSIONS publicita. El explorador de Internet del usuario de esta p\u00e1gina web almacena la cookie en el disco duro de su equipo inform\u00e1tico y el sitio web puede acceder a ella durante su pr\u00f3xima visita. Otros sitios web tambi\u00e9n pueden enviar cookies a su explorador pero \u00e9ste no permitir\u00e1 que esos sitios web vean la informaci\u00f3n de la cookie de <a href=\"https:\/\/scooterandbikerental.com\/es\/\">scooterandbikerental.com<\/a>.<\/p><h2><strong class=\"title txt-lemon\">Cookies utilizadas en este sitio web<\/strong><\/h2><p>Por una parte, este sitio web utiliza cookies propias t\u00e9cnicas para las cuales no se precisa la obtenci\u00f3n del consentimiento del usuario, ya que est\u00e1n excluidas del \u00e1mbito de aplicaci\u00f3n del art. 22.2 de la Ley 34\/2002, de 11 de julio, de Servicios de la Sociedad de la Informaci\u00f3n y de Comercio Electr\u00f3nico. Sin embargo, este sitio web tambi\u00e9n tiene instaladas cookies que requieren el consentimiento de los usuarios. A continuaci\u00f3n, siguiendo las directrices de la Agencia Espa\u00f1ola de Protecci\u00f3n de Datos, procedemos a detallar el uso de cookies mediante su identificaci\u00f3n y explicando su tipolog\u00eda y funci\u00f3n, con el fin de informarle con la m\u00e1xima exactitud posible.<\/p><h2><strong class=\"title txt-lemon\">COOKIES UTILIZADAS ACTUALMENTE EN NUESTRA P\u00c1GINA WEB<\/strong><\/h2><p>A continuaci\u00f3n, procedemos a informarte sobre todos los tipos de cookies que actualmente se utilizan en nuestra p\u00e1gina web y la finalidad de cada una de las mismas. Este sitio web utiliza las siguientes cookies, tanto propias, como de terceros:<\/p><figure><table><tbody><tr><td><strong>Nombre de la cookie<\/strong><\/td><td><strong>Finalidad<\/strong><\/td><td><strong>Proveedor<\/strong><\/td><td><strong>Duraci\u00f3n<\/strong><\/td><\/tr><tr><td>Cookie de sesi\u00f3n<\/td><td>T\u00e9cnica<\/td><td>Propia<\/td><td>De sesi\u00f3n<\/td><\/tr><tr><td>_ga<\/td><td>Cookie anal\u00edtica de GOOGLE Analytics que se usa para distinguir a los usuarios<\/td><td>Terceros<\/td><td>Persistente 2 a\u00f1os<\/td><\/tr><tr><td>_gid<\/td><td>Cookie anal\u00edtica de GOOGLE Analytics que se usa para distinguir a los usuarios<\/td><td>Terceros<\/td><td>Persistente 24 horas<\/td><\/tr><tr><td>_gat<\/td><td>Cookie anal\u00edtica de GOOGLE Analytics que se usa para limitar el porcentaje de solicitudes<\/td><td>Terceros<\/td><td>1 minuto<\/td><\/tr><tr><td>cookie_notice_accepted<\/td><td>Funtional<\/td><td>Terceros<\/td><td>1 mes<\/td><\/tr><\/tbody><\/table><\/figure><h2><strong class=\"title txt-lemon\">COMUNICACI\u00d3N DE DATOS<\/strong><\/h2><p>Con car\u00e1cter general TOURS AND EXCURSIONS no comunicar\u00e1 estos datos personales a terceros, con la salvedad de que la prestaci\u00f3n de un servicio implique la necesidad de una relaci\u00f3n contractual con un encargado de tratamiento y ello sea estrictamente necesario para gestionar y mantener la relaci\u00f3n entre el usuario y la mencionada empresa, previa autorizaci\u00f3n expresa por parte del usuario. Esto se har\u00e1 s\u00f3lo durante el tiempo imprescindible para posibilitar la ejecuci\u00f3n del contrato de encargo, y en las mismas condiciones y con las mismas responsabilidad que se le exigen al responsable. Una vez finalizado el encargo, el encargado del tratamiento devolver\u00e1 al Responsable los datos personales y suprimir\u00e1 cualquier copia de la que disponga.<\/p><p>Por otra parte, s\u00f3lo tendr\u00e1n derecho a acceder a estos datos personales los terceros con los que TOURS AND EXCURSIONS tenga una obligaci\u00f3n legal o contractual de facilitarlos, entre los que se incluyen, por ejemplo, el Defensor del Pueblo y Jueces y Tribunales interesados en los procedimientos relacionados con las reclamaciones presentadas.<\/p><h2><strong class=\"title txt-lemon\">DERECHOS DE LOS INTERESADOS<\/strong><\/h2><p>El usuario podr\u00e1 ejercitar en todo momento, en los t\u00e9rminos establecidos en la legislaci\u00f3n vigente, los derechos de acceso, rectificaci\u00f3n o supresi\u00f3n de datos, solicitar que se limite el tratamiento, oponerse al mismo, solicitar la portabilidad de sus datos, as\u00ed como revocar el consentimiento prestado, derechos reconocidos en el citado Reglamento (UE). El ejercicio de estos derechos puede realizarlo el propio usuario dirigi\u00e9ndose a TOURS AND EXCURSIONS en la direcci\u00f3n de su sede social indicada anteriormente; a trav\u00e9s del env\u00edo de un correo electr\u00f3nico a la siguiente direcci\u00f3n <a href=\"mailto:reservas@scooterandbikerental.com\">reservas@scooterandbikerental.com<\/a> o a la direcci\u00f3n postal Avenida Tirajana, 32 local 7, 35100.<\/p><p>Para el efectivo ejercicio de estos derechos, el usuario deber\u00e1 acreditar su identidad facilitando su nombre y apellidos, fotocopia del DNI o documento identificativo equivalente que acredite su identidad, petici\u00f3n en la que se concrete la solicitud, direcci\u00f3n a efectos de notificaciones, y fecha y firma del solicitante.<\/p><p>Asimismo, el usuario podr\u00e1 reclamar ante la Agencia Espa\u00f1ola de Protecci\u00f3n de Datos (Autoridad de Control competente en esta materia), especialmente cuando no haya obtenido satisfacci\u00f3n en el ejercicio de sus derechos, mediante escrito dirigido a misma, C\/Jorge Juan, n\u00ba 6, 28001 \u2013 Madrid, o a trav\u00e9s de la web: <a href=\"https:\/\/www.agpd.es\" target=\"_blank\" rel=\"noopener nofollow\">https:\/\/www.agpd.es<\/a>.<\/p>\t\t\t\t\t\t\t\t<\/div>\n\t\t\t\t<\/div>\n\t\t\t\t\t<\/div>\n\t\t\t\t<\/div>\n\t\t\t\t<\/div>\n\t\t","protected":false},"excerpt":{"rendered":"<p>POL\u00cdTICA DE COOKIES Nuestro sitio web scooterandbikerental.com utiliza una tecnolog\u00eda denominada \u201ccookies\u201d con la finalidad de poder recabar informaci\u00f3n acerca del uso que realiza el usuario de la p\u00e1gina web con el objetivo de analizar sus h\u00e1bitos de navegaci\u00f3n para as\u00ed facilitarle la misma y poder distinguirlo de otros usuarios. En cumplimiento con lo previsto [&hellip;]<\/p>\n","protected":false},"author":1,"featured_media":0,"parent":0,"menu_order":0,"comment_status":"closed","ping_status":"closed","template":"","meta":{"site-sidebar-layout":"no-sidebar","site-content-layout":"","ast-site-content-layout":"full-width-container","site-content-style":"default","site-sidebar-style":"default","ast-global-header-display":"","ast-banner-title-visibility":"","ast-main-header-display":"","ast-hfb-above-header-display":"","ast-hfb-below-header-display":"","ast-hfb-mobile-header-display":"","site-post-title":"disabled","ast-breadcrumbs-content":"","ast-featured-img":"disabled","footer-sml-layout":"","ast-disable-related-posts":"","theme-transparent-header-meta":"","adv-header-id-meta":"","stick-header-meta":"","header-above-stick-meta":"","header-main-stick-meta":"","header-below-stick-meta":"","astra-migrate-meta-layouts":"default","ast-page-background-enabled":"default","ast-page-background-meta":{"desktop":{"background-color":"var(--ast-global-color-4)","background-image":"","background-repeat":"repeat","background-position":"center center","background-size":"auto","background-attachment":"scroll","background-type":"","background-media":"","overlay-type":"","overlay-color":"","overlay-opacity":"","overlay-gradient":""},"tablet":{"background-color":"","background-image":"","background-repeat":"repeat","background-position":"center center","background-size":"auto","background-attachment":"scroll","background-type":"","background-media":"","overlay-type":"","overlay-color":"","overlay-opacity":"","overlay-gradient":""},"mobile":{"background-color":"","background-image":"","background-repeat":"repeat","background-position":"center center","background-size":"auto","background-attachment":"scroll","background-type":"","background-media":"","overlay-type":"","overlay-color":"","overlay-opacity":"","overlay-gradient":""}},"ast-content-background-meta":{"desktop":{"background-color":"var(--ast-global-color-5)","background-image":"","background-repeat":"repeat","background-position":"center center","background-size":"auto","background-attachment":"scroll","background-type":"","background-media":"","overlay-type":"","overlay-color":"","overlay-opacity":"","overlay-gradient":""},"tablet":{"background-color":"var(--ast-global-color-5)","background-image":"","background-repeat":"repeat","background-position":"center center","background-size":"auto","background-attachment":"scroll","background-type":"","background-media":"","overlay-type":"","overlay-color":"","overlay-opacity":"","overlay-gradient":""},"mobile":{"background-color":"var(--ast-global-color-5)","background-image":"","background-repeat":"repeat","background-position":"center center","background-size":"auto","background-attachment":"scroll","background-type":"","background-media":"","overlay-type":"","overlay-color":"","overlay-opacity":"","overlay-gradient":""}},"_mbp_gutenberg_autopost":false,"footnotes":""},"class_list":["post-1690","page","type-page","status-publish","hentry"],"_links":{"self":[{"href":"https:\/\/scooterandbikerental.com\/es\/wp-json\/wp\/v2\/pages\/1690","targetHints":{"allow":["GET"]}}],"collection":[{"href":"https:\/\/scooterandbikerental.com\/es\/wp-json\/wp\/v2\/pages"}],"about":[{"href":"https:\/\/scooterandbikerental.com\/es\/wp-json\/wp\/v2\/types\/page"}],"author":[{"embeddable":true,"href":"https:\/\/scooterandbikerental.com\/es\/wp-json\/wp\/v2\/users\/1"}],"replies":[{"embeddable":true,"href":"https:\/\/scooterandbikerental.com\/es\/wp-json\/wp\/v2\/comments?post=1690"}],"version-history":[{"count":10,"href":"https:\/\/scooterandbikerental.com\/es\/wp-json\/wp\/v2\/pages\/1690\/revisions"}],"predecessor-version":[{"id":6631,"href":"https:\/\/scooterandbikerental.com\/es\/wp-json\/wp\/v2\/pages\/1690\/revisions\/6631"}],"wp:attachment":[{"href":"https:\/\/scooterandbikerental.com\/es\/wp-json\/wp\/v2\/media?parent=1690"}],"curies":[{"name":"wp","href":"https:\/\/api.w.org\/{rel}","templated":true}]}}