{"id":2051,"date":"2023-10-25T12:45:23","date_gmt":"2023-10-25T12:45:23","guid":{"rendered":"https:\/\/scooterandbikerental.com\/avis-juridique\/"},"modified":"2025-02-12T09:02:18","modified_gmt":"2025-02-12T09:02:18","slug":"avis-juridique","status":"publish","type":"page","link":"https:\/\/scooterandbikerental.com\/fr\/avis-juridique\/","title":{"rendered":"Avis juridique"},"content":{"rendered":"\t\t<div data-elementor-type=\"wp-page\" data-elementor-id=\"2051\" class=\"elementor elementor-2051 elementor-720\" data-elementor-post-type=\"page\">\n\t\t\t\t<div class=\"elementor-element elementor-element-1084e76 e-flex e-con-boxed e-con e-parent\" data-id=\"1084e76\" data-element_type=\"container\" data-e-type=\"container\">\n\t\t\t\t\t<div class=\"e-con-inner\">\n\t\t\t\t<div class=\"elementor-element elementor-element-9d198b8 elementor-widget elementor-widget-text-editor\" data-id=\"9d198b8\" data-element_type=\"widget\" data-e-type=\"widget\" data-widget_type=\"text-editor.default\">\n\t\t\t\t<div class=\"elementor-widget-container\">\n\t\t\t\t\t\t\t\t\t<h1>AVIS JURIDIQUE<\/h1><p>TOURS AND EXCURSIONS, responsable de ce site, met \u00e0 la disposition des utilisateurs d'Internet le pr\u00e9sent document, dans le but de respecter les obligations \u00e9tablies par la loi 34\/2002, du 11 juin, sur les services de la soci\u00e9t\u00e9 de l'information et le commerce \u00e9lectronique (LSSICE) et d'autres r\u00e9glementations applicables, ainsi que de fournir des informations sur les conditions d'utilisation.<\/p><h2><strong>DONN\u00c9ES D'IDENTIFICATION<\/strong><\/h2><p>In compliance with the duty of information regulated in art. 10 LSSICE, the necessary details of the owner of the website are provided below: The company that manages the servicConform\u00e9ment au devoir d'information pr\u00e9vu par l'art. 10 LSSICE, les coordonn\u00e9es n\u00e9cessaires du propri\u00e9taire du site web sont fournies ci-dessous : L'entreprise qui g\u00e8re les services et le domaine webes and the web domain <a href=\"https:\/\/scooterandbikerental.com\/fr\/\">scooterandbikerental.com<\/a> repr\u00e9sent\u00e9e par TOURS AND EXCURSIONS, avec NIF\/CIF X6671117J, dont le si\u00e8ge social est situ\u00e9 Avenida Tirajana, 32 local 7, 35100, t\u00e9l\u00e9phone 672529806 et adresse \u00e9lectronique de contact. <a href=\"mailto:reservas@scooterandbikerental.com\">reservas@scooterandbikerental.com<\/a>.<\/p><h2><strong>UTILISATEURS<\/strong><\/h2><p>Any person, whether natural or legal, who accesses, browses, uses or participates in the services and activities, free or onerous, developed through this website assumes the status of USER, and as such, through such access, undertakes to observe and strictly comply with the provisions herein, as well as any other legal provision that may be applicable, thus obliging him\/her to make proper use of the website.Toute personne, physique ou morale, qui acc\u00e8de, navigue, utilise ou participe aux services et activit\u00e9s, gratuits ou co\u00fbteux, d\u00e9velopp\u00e9s \u00e0 travers ce site Web, assume la condition d\u2019UTILISATEUR et, \u00e0 ce titre, \u00e0 travers ledit acc\u00e8s, s\u2019engage au respect et \u00e0 la stricte le respect des dispositions des pr\u00e9sentes, ainsi que de toute autre disposition l\u00e9gale applicable, vous obligeant ainsi \u00e0 faire un usage correct du site Internet. L\u2019utilisateur sera responsable envers TOURS AND EXCURSIONS ou envers les tiers de tout dommage qui pourrait \u00eatre caus\u00e9 du fait du non-respect de ladite obligation.<\/p><h2><strong>MODIFICATIONS<\/strong><\/h2><p>TOURS AND EXCURSIONS se r\u00e9serve le droit d\u2019apporter unilat\u00e9ralement les modifications qu\u2019il jugera appropri\u00e9es sur son portail, et pourra changer, supprimer ou ajouter tant les contenus que les services fournis \u00e0 travers celui-ci, sans aucune obligation de notifier ou d\u2019informer les utilisateurs de ces modifications, \u00e9tant entendu que la publication sur le site Internet du fournisseur suffit.<\/p><p>La dur\u00e9e de la fourniture du service du portail est limit\u00e9e au moment o\u00f9 l\u2019utilisateur est connect\u00e9 au site Internet ou \u00e0 l\u2019un des services qu\u2019il propose. Par cons\u00e9quent, l\u2019utilisateur, chaque fois qu\u2019il entend utiliser le portail, doit lire attentivement le pr\u00e9sent Avis L\u00e9gal, car celui-ci et ses conditions d\u2019utilisation respectives peuvent \u00eatre modifi\u00e9s \u00e0 tout moment. Par cons\u00e9quent, la validit\u00e9 des conditions susmentionn\u00e9es variera en fonction de leur exposition et sera maintenue aussi longtemps qu\u2019elles seront d\u00fbment publi\u00e9es, jusqu\u2019\u00e0 ce qu\u2019elles soient remplac\u00e9es par d\u2019autres.<\/p><h2><strong>CONDITIONS D\u2019UTILISATION DU SITE WEB<\/strong><\/h2><p>Les pr\u00e9sentes conditions d\u2019utilisation et de navigation ont pour objet de r\u00e9glementer la relation entre le propri\u00e9taire du site web, <a href=\"https:\/\/scooterandbikerental.com\/fr\/\">scooterandbikerental.com<\/a>, en tant que prestataire de services, et les utilisateurs qui acc\u00e8dent, naviguent et profitent du service propos\u00e9.<\/p><p>TOURS AND EXCURSIONS offre un acc\u00e8s gratuit \u00e0 une grande quantit\u00e9 d\u2019informations, de services et de donn\u00e9es (ci-apr\u00e8s, \u00ab le contenu \u00bb), dont la propri\u00e9t\u00e9 appartient \u00e0 TOURS AND EXCURSIONS ou \u00e0 ses conc\u00e9dants de licence, auxquels l\u2019utilisateur peut avoir acc\u00e8s.<\/p><p>L\u2019utilisateur assume la responsabilit\u00e9 de la bonne utilisation du portail conform\u00e9ment \u00e0 la loi et aux pr\u00e9sentes conditions, responsabilit\u00e9 qui s\u2019\u00e9tend \u00e0 l\u2019inscription n\u00e9cessaire pour acc\u00e9der \u00e0 certains services et contenus fournis. Cette inscription implique de remplir le formulaire correspondant, dans lequel l\u2019utilisateur garantit l\u2019authenticit\u00e9 et l\u2019actualit\u00e9 de toutes les donn\u00e9es communiqu\u00e9es et s\u2019engage \u00e0 ne pas fournir d\u2019informations ou de documents faux, frauduleux ou illicites. Cela peut donner lieu \u00e0 la cr\u00e9ation d\u2019un mot de passe que l\u2019utilisateur devra conserver avec diligence et confidentialit\u00e9. L\u2019utilisateur sera seul responsable de toute d\u00e9claration fausse ou inexacte faite et de tout dommage caus\u00e9 \u00e0 TOURS AND EXCURSIONS ou \u00e0 des tiers du fait des informations fournies.<\/p><p>L\u2019utilisateur s\u2019engage express\u00e9ment \u00e0 faire un usage appropri\u00e9 des contenus et services [<em>par exemple, les services de chat, les forums de discussion, les groupes de discussion, etc.<\/em>] TOURS AND EXCURSIONS offers, in accordance with the provisions of the law, morality, public order and these conditions and, by way of example but not limited to, not to use them for:<\/p><ul><li style=\"list-style-type: none;\"><ul><li>Diffuser des contenus criminels, violents, pornographiques, racistes, x\u00e9nophobes, offensants, de soutien au terrorisme, portant atteinte aux droits de l\u2019homme ou, en g\u00e9n\u00e9ral, contraires \u00e0 la loi ou \u00e0 l\u2019ordre public.<\/li><\/ul><\/li><\/ul><ul><li style=\"list-style-type: none;\"><ul><li>Introduire intentionnellement des virus informatiques dans le r\u00e9seau ou r\u00e9aliser des actions susceptibles d\u2019alt\u00e9rer, d\u2019endommager, d\u2019interrompre ou de g\u00e9n\u00e9rer des erreurs ou des dommages dans les syst\u00e8mes physiques et logiques de TOURS AND EXCURSIONS, cr\u00e9ateur du site Web, ou de tiers; ainsi que d\u2019entraver l\u2019acc\u00e8s des autres utilisateurs au site Internet et \u00e0 ses services par la consommation massive des ressources informatiques par lesquelles TOURS AND EXCURSIONS fournit ses services.<\/li><\/ul><\/li><\/ul><ul><li style=\"list-style-type: none;\"><ul><li>Essayez d\u2019acc\u00e9der aux comptes de messagerie d\u2019autres utilisateurs ou aux zones restreintes des syst\u00e8mes informatiques de TOURS AND EXCURSIONS ou de tiers et, le cas \u00e9ch\u00e9ant, extrayez des informations.<\/li><\/ul><\/li><\/ul><ul><li style=\"list-style-type: none;\"><ul><li>Violer les droits de propri\u00e9t\u00e9 intellectuelle ou industrielle, ainsi que diffuser, transmettre ou mettre \u00e0 la disposition de tiers tout type d\u2019information, \u00e9l\u00e9ment ou contenu qui constitue une violation du secret des communications et de la l\u00e9gislation sur la protection des donn\u00e9es personnelles.<\/li><\/ul><\/li><\/ul><ul><li style=\"list-style-type: none;\"><ul><li>Usurer l\u2019identit\u00e9 d\u2019un autre utilisateur, d\u2019administrations publiques ou d\u2019un tiers, en utilisant leurs cl\u00e9s d\u2019enregistrement aux diff\u00e9rents services et\/ou contenus du site Internet.<\/li><\/ul><\/li><\/ul><ul><li style=\"list-style-type: none;\"><ul><li>Reproduire, copier, distribuer, mettre \u00e0 disposition ou communiquer publiquement de toute autre mani\u00e8re, transformer ou modifier le contenu, sauf si vous disposez de l\u2019autorisation du propri\u00e9taire des droits d\u2019exploitation correspondants ou si cela est l\u00e9galement autoris\u00e9.<\/li><\/ul><\/li><\/ul>\t\t\t\t\t\t\t\t<\/div>\n\t\t\t\t<\/div>\n\t\t\t\t\t<\/div>\n\t\t\t\t<\/div>\n\t\t\t\t<\/div>\n\t\t","protected":false},"excerpt":{"rendered":"<p>AVIS JURIDIQUE TOURS AND EXCURSIONS, responsable de ce site, met \u00e0 la disposition des utilisateurs d'Internet le pr\u00e9sent document, dans le but de respecter les obligations \u00e9tablies par la loi 34\/2002, du 11 juin, sur les services de la soci\u00e9t\u00e9 de l'information et le commerce \u00e9lectronique (LSSICE) et d'autres r\u00e9glementations applicables, ainsi que de fournir [&hellip;]<\/p>\n","protected":false},"author":1,"featured_media":0,"parent":0,"menu_order":0,"comment_status":"closed","ping_status":"closed","template":"","meta":{"site-sidebar-layout":"no-sidebar","site-content-layout":"","ast-site-content-layout":"full-width-container","site-content-style":"default","site-sidebar-style":"default","ast-global-header-display":"","ast-banner-title-visibility":"","ast-main-header-display":"","ast-hfb-above-header-display":"","ast-hfb-below-header-display":"","ast-hfb-mobile-header-display":"","site-post-title":"disabled","ast-breadcrumbs-content":"","ast-featured-img":"disabled","footer-sml-layout":"","ast-disable-related-posts":"","theme-transparent-header-meta":"","adv-header-id-meta":"","stick-header-meta":"","header-above-stick-meta":"","header-main-stick-meta":"","header-below-stick-meta":"","astra-migrate-meta-layouts":"default","ast-page-background-enabled":"default","ast-page-background-meta":{"desktop":{"background-color":"var(--ast-global-color-4)","background-image":"","background-repeat":"repeat","background-position":"center center","background-size":"auto","background-attachment":"scroll","background-type":"","background-media":"","overlay-type":"","overlay-color":"","overlay-opacity":"","overlay-gradient":""},"tablet":{"background-color":"","background-image":"","background-repeat":"repeat","background-position":"center center","background-size":"auto","background-attachment":"scroll","background-type":"","background-media":"","overlay-type":"","overlay-color":"","overlay-opacity":"","overlay-gradient":""},"mobile":{"background-color":"","background-image":"","background-repeat":"repeat","background-position":"center center","background-size":"auto","background-attachment":"scroll","background-type":"","background-media":"","overlay-type":"","overlay-color":"","overlay-opacity":"","overlay-gradient":""}},"ast-content-background-meta":{"desktop":{"background-color":"var(--ast-global-color-5)","background-image":"","background-repeat":"repeat","background-position":"center center","background-size":"auto","background-attachment":"scroll","background-type":"","background-media":"","overlay-type":"","overlay-color":"","overlay-opacity":"","overlay-gradient":""},"tablet":{"background-color":"var(--ast-global-color-5)","background-image":"","background-repeat":"repeat","background-position":"center center","background-size":"auto","background-attachment":"scroll","background-type":"","background-media":"","overlay-type":"","overlay-color":"","overlay-opacity":"","overlay-gradient":""},"mobile":{"background-color":"var(--ast-global-color-5)","background-image":"","background-repeat":"repeat","background-position":"center center","background-size":"auto","background-attachment":"scroll","background-type":"","background-media":"","overlay-type":"","overlay-color":"","overlay-opacity":"","overlay-gradient":""}},"_mbp_gutenberg_autopost":false,"footnotes":""},"class_list":["post-2051","page","type-page","status-publish","hentry"],"_links":{"self":[{"href":"https:\/\/scooterandbikerental.com\/fr\/wp-json\/wp\/v2\/pages\/2051","targetHints":{"allow":["GET"]}}],"collection":[{"href":"https:\/\/scooterandbikerental.com\/fr\/wp-json\/wp\/v2\/pages"}],"about":[{"href":"https:\/\/scooterandbikerental.com\/fr\/wp-json\/wp\/v2\/types\/page"}],"author":[{"embeddable":true,"href":"https:\/\/scooterandbikerental.com\/fr\/wp-json\/wp\/v2\/users\/1"}],"replies":[{"embeddable":true,"href":"https:\/\/scooterandbikerental.com\/fr\/wp-json\/wp\/v2\/comments?post=2051"}],"version-history":[{"count":7,"href":"https:\/\/scooterandbikerental.com\/fr\/wp-json\/wp\/v2\/pages\/2051\/revisions"}],"predecessor-version":[{"id":6646,"href":"https:\/\/scooterandbikerental.com\/fr\/wp-json\/wp\/v2\/pages\/2051\/revisions\/6646"}],"wp:attachment":[{"href":"https:\/\/scooterandbikerental.com\/fr\/wp-json\/wp\/v2\/media?parent=2051"}],"curies":[{"name":"wp","href":"https:\/\/api.w.org\/{rel}","templated":true}]}}