{"id":2099,"date":"2023-10-25T07:43:25","date_gmt":"2023-10-25T07:43:25","guid":{"rendered":"https:\/\/scooterandbikerental.com\/politique-de-confidentialite\/"},"modified":"2025-02-12T09:03:32","modified_gmt":"2025-02-12T09:03:32","slug":"politique-de-confidentialite","status":"publish","type":"page","link":"https:\/\/scooterandbikerental.com\/fr\/politique-de-confidentialite\/","title":{"rendered":"Politique de confidentialit\u00e9"},"content":{"rendered":"\t\t<div data-elementor-type=\"wp-page\" data-elementor-id=\"2099\" class=\"elementor elementor-2099 elementor-460\" data-elementor-post-type=\"page\">\n\t\t\t\t<div class=\"elementor-element elementor-element-df46c3d e-flex e-con-boxed e-con e-parent\" data-id=\"df46c3d\" data-element_type=\"container\" data-e-type=\"container\">\n\t\t\t\t\t<div class=\"e-con-inner\">\n\t\t\t\t<div class=\"elementor-element elementor-element-83ab470 uppercase elementor-widget elementor-widget-heading\" data-id=\"83ab470\" data-element_type=\"widget\" data-e-type=\"widget\" data-widget_type=\"heading.default\">\n\t\t\t\t<div class=\"elementor-widget-container\">\n\t\t\t\t\t<h1 class=\"elementor-heading-title elementor-size-default\">Politique de confidentialit\u00e9<\/h1>\t\t\t\t<\/div>\n\t\t\t\t<\/div>\n\t\t\t\t\t<\/div>\n\t\t\t\t<\/div>\n\t\t<div class=\"elementor-element elementor-element-f82799e e-flex e-con-boxed e-con e-parent\" data-id=\"f82799e\" data-element_type=\"container\" data-e-type=\"container\">\n\t\t\t\t\t<div class=\"e-con-inner\">\n\t\t\t\t<div class=\"elementor-element elementor-element-008bb49 elementor-widget elementor-widget-text-editor\" data-id=\"008bb49\" data-element_type=\"widget\" data-e-type=\"widget\" data-widget_type=\"text-editor.default\">\n\t\t\t\t<div class=\"elementor-widget-container\">\n\t\t\t\t\t\t\t\t\t<p>TOURS AND EXCURSIONS informe les utilisateurs de son site web scooterandbikerental.com par le biais de cette politique de confidentialit\u00e9 sur le traitement et la protection des donn\u00e9es personnelles des utilisateurs qui peuvent \u00eatre collect\u00e9es \u00e0 travers leur navigation ou la souscription de services qu'ils r\u00e9alisent sur ce portail. L'utilisation de ce site web par l'utilisateur implique l'acceptation de la pr\u00e9sente politique de confidentialit\u00e9.<\/p><p>TOURS ET EXCURSIONS adopte les mesures n\u00e9cessaires pour garantir la s\u00e9curit\u00e9, l'int\u00e9grit\u00e9 et la confidentialit\u00e9 des donn\u00e9es conform\u00e9ment aux dispositions du R\u00e8glement (UE) 2016\/679 du Parlement europ\u00e9en et du Conseil du 27 avril 2016 relatif \u00e0 la protection des personnes physiques \u00e0 l'\u00e9gard du traitement des donn\u00e9es \u00e0 caract\u00e8re personnel et \u00e0 la libre circulation de ces donn\u00e9es, et, lorsque cela n'est pas pr\u00e9vu, par la loi organique 3\/2018 du 5 d\u00e9cembre sur la protection des donn\u00e9es \u00e0 caract\u00e8re personnel et la garantie des droits num\u00e9riques, le d\u00e9cret royal 1720\/2007 du 21 d\u00e9cembre approuvant le r\u00e8glement de d\u00e9veloppement de la loi organique sur la protection des donn\u00e9es, et la loi 34\/2002 du 11 juillet sur les services de la soci\u00e9t\u00e9 de l'information et le commerce \u00e9lectronique.<\/p><p>Par le biais des formulaires d'inscription sur ce site web ou par l'envoi d'e-mails, des donn\u00e9es personnelles de chaque utilisateur sont collect\u00e9es et trait\u00e9es. Ces donn\u00e9es sont n\u00e9cessaires \u00e0 la gestion et \u00e0 la maintenance de certains des services fournis et leur traitement est r\u00e9gi par la pr\u00e9sente politique de protection de la vie priv\u00e9e.<\/p><h2><strong class=\"txt-lemon\">RESPONSABLE DU TRAITEMENT DES DONN\u00c9ES \u00c0 CARACT\u00c8RE PERSONNEL<\/strong><\/h2><p>Le responsable du traitement des donn\u00e9es personnelles fournies par l'utilisateur lors de l'acc\u00e8s et de l'utilisation du site web est, en tant que titulaire, TOURS AND EXCURSIONS, avec NIF\/CIF X6671117J, dont le si\u00e8ge social est situ\u00e9 Avenida Tirajana, 32 local 7, 35100, t\u00e9l\u00e9phone 672529806 et adresse e-mail <a href=\"mailto:reservas@scooterandbikerental.com\">reservas@scooterandbikerental.com<\/a>.<\/p><p>TOURS AND EXCURSIONS s'engage \u00e0 appliquer les mesures de s\u00e9curit\u00e9 informatique pr\u00e9vues dans la r\u00e9glementation susmentionn\u00e9e, dans le but d'emp\u00eacher l'acc\u00e8s ou l'utilisation abusive des donn\u00e9es, leur manipulation, leur d\u00e9t\u00e9rioration ou leur perte.<\/p><h2><strong class=\"txt-lemon\">LA DUR\u00c9E DE STOCKAGE DES DONN\u00c9ES<\/strong><\/h2><p>TOURS AND EXCURSIONS, en tant que responsable du traitement, s'engage \u00e0 conserver et \u00e0 g\u00e9rer les donn\u00e9es personnelles et les informations collect\u00e9es par l'interm\u00e9diaire de ce site web avec la confidentialit\u00e9 requise, tant que la relation professionnelle qui en d\u00e9coule est maintenue et que la personne concern\u00e9e n'en demande pas la suppression, et, le cas \u00e9ch\u00e9ant, pendant une p\u00e9riode n'exc\u00e9dant pas 5 ans, \u00e0 compter de la fin de la relation commerciale \u00e9tablie entre l'utilisateur et TOURS AND EXCURSIONS. Toutefois, le responsable du traitement peut conserver les donn\u00e9es, d\u00fbment verrouill\u00e9es, afin de faire face \u00e0 d'\u00e9ventuelles responsabilit\u00e9s administratives ou juridictionnelles.<\/p><h2><strong class=\"txt-lemon\">OBJECTIFS DU TRAITEMENT DES DONN\u00c9ES<\/strong><\/h2><p>Les op\u00e9rations, la gestion et les proc\u00e9dures techniques, automatis\u00e9es ou non, qui permettent la collecte, le stockage, la modification, le transfert et d'autres actions sur les donn\u00e9es \u00e0 caract\u00e8re personnel, sont consid\u00e9r\u00e9es comme un traitement des donn\u00e9es \u00e0 caract\u00e8re personnel.<\/p><p>TOURS AND EXCURSIONS traite les donn\u00e9es personnelles fournies par l'utilisateur \u00e0 travers scooterandbikerental.com afin de l'inclure dans l'agenda de contact, de g\u00e9rer la relation commerciale demand\u00e9e et d'utiliser cette information comme moyen de contact avec l'entreprise. En outre, le traitement des donn\u00e9es collect\u00e9es consiste \u00e9galement \u00e0 g\u00e9rer l'envoi des informations qui nous sont demand\u00e9es et \u00e0 pouvoir r\u00e9pondre aux demandes ou aux questions que l'utilisateur envoie par le biais du site web, en fournissant \u00e0 son tour aux int\u00e9ress\u00e9s des offres de services susceptibles de les int\u00e9resser.<\/p><p>Les champs des registres doivent \u00eatre remplis afin que TOURS AND EXCURSIONS puisse remplir les objectifs susmentionn\u00e9s.<\/p><p>L'utilisateur peut s'opposer \u00e0 l'envoi de communications commerciales \u00e0 tout moment en envoyant un message \u00e9lectronique \u00e0 l'adresse indiqu\u00e9e ci-dessus.<\/p><h2><strong class=\"txt-lemon\">L\u00c9GITIMATION DU TRAITEMENT DES DONN\u00c9ES<\/strong><\/h2><p>Le traitement des donn\u00e9es personnelles fournies par l'utilisateur est effectu\u00e9 sur la base des fondements juridiques suivants qui le l\u00e9gitiment :<\/p><p>Le contrat de services de TOURS AND EXCURSIONS et l'ex\u00e9cution de la mission professionnelle demand\u00e9e, dont les termes et conditions seront mis \u00e0 la disposition de l'utilisateur avant tout contrat \u00e9ventuel. Afin de pouvoir mener \u00e0 bien la relation professionnelle demand\u00e9e, la partie int\u00e9ress\u00e9e est tenue de fournir ses donn\u00e9es.<\/p><p>Consentement libre, sp\u00e9cifique, \u00e9clair\u00e9 et sans \u00e9quivoque, \u00e9tant donn\u00e9 qu'apr\u00e8s avoir lu la pr\u00e9sente politique de confidentialit\u00e9, l'utilisateur est inform\u00e9 et, s'il est d'accord, peut l'accepter au moyen d'une d\u00e9claration ou d'une action affirmative claire, par exemple en cochant une case pr\u00e9vue \u00e0 cet effet.<\/p><p>Si l'int\u00e9ress\u00e9 ne fournit pas les donn\u00e9es susmentionn\u00e9es ou si elles sont erron\u00e9es ou inexactes, nous ne pourrons pas donner suite \u00e0 sa demande, ce qui nous emp\u00eachera de lui fournir les informations demand\u00e9es ou d'ex\u00e9cuter le contrat de services. Le responsable du traitement, TOURS AND EXCURSIONS, est donc exon\u00e9r\u00e9 de toute responsabilit\u00e9 pouvant r\u00e9sulter de l'inex\u00e9cution de la mission professionnelle ou des cons\u00e9quences pouvant d\u00e9couler de ces informations inexactes ou erron\u00e9es.<\/p><h2><strong class=\"txt-lemon\">LA COMMUNICATION DE DONN\u00c9ES<\/strong><\/h2><p>En g\u00e9n\u00e9ral, TOURS AND EXCURSIONS ne communiquera pas ces donn\u00e9es personnelles \u00e0 des tiers, \u00e0 l'exception du cas o\u00f9 la prestation d'un service implique la n\u00e9cessit\u00e9 d'une relation contractuelle avec un responsable du traitement des donn\u00e9es et que cela est strictement n\u00e9cessaire pour g\u00e9rer et maintenir la relation entre l'utilisateur et l'entreprise susmentionn\u00e9e, avec l'autorisation expresse pr\u00e9alable de l'utilisateur. Il ne le fait que pour la dur\u00e9e n\u00e9cessaire \u00e0 l'ex\u00e9cution du contrat, dans les m\u00eames conditions et avec les m\u00eames responsabilit\u00e9s que celles exig\u00e9es de la personne en charge. \u00c0 l'issue de la mission, le sous-traitant renvoie les donn\u00e9es \u00e0 caract\u00e8re personnel au contr\u00f4leur et supprime toutes les copies en sa possession.<\/p><p>Par ailleurs, seuls les tiers avec lesquels TOURS AND EXCURSIONS a une obligation l\u00e9gale ou contractuelle de fournir ces donn\u00e9es personnelles, y compris, par exemple, le m\u00e9diateur et les juges et tribunaux int\u00e9ress\u00e9s par les proc\u00e9dures li\u00e9es aux plaintes pr\u00e9sent\u00e9es, auront le droit d'acc\u00e9der \u00e0 ces donn\u00e9es personnelles.<\/p><h2><strong class=\"txt-lemon\">DROITS DES PARTIES INT\u00c9RESS\u00c9ES<\/strong><\/h2><p>L'utilisateur peut \u00e0 tout moment, dans les conditions pr\u00e9vues par la l\u00e9gislation en vigueur, exercer les droits d'acc\u00e8s, de rectification ou de suppression des donn\u00e9es, demander la limitation du traitement, s'opposer au traitement, demander la portabilit\u00e9 de ses donn\u00e9es, ainsi que r\u00e9voquer le consentement donn\u00e9, droits reconnus dans le r\u00e8glement (UE) susmentionn\u00e9. TOURS ET EXCURSIONS \u00e0 l'adresse de son si\u00e8ge social indiqu\u00e9e ci-dessus ; en envoyant un courrier \u00e9lectronique \u00e0 l'adresse suivante <a href=\"mailto:reservas@scooterandbikerental.com\">reservas@scooterandbikerental.com<\/a> ou \u00e0 l'adresse postale Avenida Tirajana, 32 local 7, 35100.<\/p><p>Pour exercer effectivement ces droits, l'utilisateur doit prouver son identit\u00e9 en fournissant ses nom et pr\u00e9nom, une photocopie de sa carte d'identit\u00e9 ou d'un document d'identification \u00e9quivalent prouvant son identit\u00e9, une demande pr\u00e9cisant la requ\u00eate, une adresse aux fins de notifications, ainsi que la date et la signature du demandeur.<\/p><p>De m\u00eame, l'utilisateur peut d\u00e9poser une plainte aupr\u00e8s de l'Agence espagnole de protection des donn\u00e9es (autorit\u00e9 de contr\u00f4le comp\u00e9tente en la mati\u00e8re), en particulier lorsqu'il n'a pas obtenu satisfaction dans l'exercice de ses droits, en \u00e9crivant \u00e0 l'Agence, C\/ Jorge Juan, n\u00ba 6, 28001 - Madrid, ou par le biais du site Web : <a href=\"https:\/\/www.agpd.es\" target=\"_blank\" rel=\"noopener nofollow\">https:\/\/www.agpd.es<\/a><\/p>\t\t\t\t\t\t\t\t<\/div>\n\t\t\t\t<\/div>\n\t\t\t\t\t<\/div>\n\t\t\t\t<\/div>\n\t\t\t\t<\/div>\n\t\t","protected":false},"excerpt":{"rendered":"<p>Politique de confidentialit\u00e9 TOURS AND EXCURSIONS informe les utilisateurs de son site web scooterandbikerental.com par le biais de cette politique de confidentialit\u00e9 sur le traitement et la protection des donn\u00e9es personnelles des utilisateurs qui peuvent \u00eatre collect\u00e9es \u00e0 travers leur navigation ou la souscription de services qu'ils r\u00e9alisent sur ce portail. L'utilisation de ce site [&hellip;]<\/p>\n","protected":false},"author":1,"featured_media":0,"parent":0,"menu_order":0,"comment_status":"closed","ping_status":"closed","template":"","meta":{"site-sidebar-layout":"no-sidebar","site-content-layout":"","ast-site-content-layout":"full-width-container","site-content-style":"default","site-sidebar-style":"default","ast-global-header-display":"","ast-banner-title-visibility":"","ast-main-header-display":"","ast-hfb-above-header-display":"","ast-hfb-below-header-display":"","ast-hfb-mobile-header-display":"","site-post-title":"disabled","ast-breadcrumbs-content":"","ast-featured-img":"disabled","footer-sml-layout":"","ast-disable-related-posts":"","theme-transparent-header-meta":"","adv-header-id-meta":"","stick-header-meta":"","header-above-stick-meta":"","header-main-stick-meta":"","header-below-stick-meta":"","astra-migrate-meta-layouts":"default","ast-page-background-enabled":"default","ast-page-background-meta":{"desktop":{"background-color":"var(--ast-global-color-4)","background-image":"","background-repeat":"repeat","background-position":"center center","background-size":"auto","background-attachment":"scroll","background-type":"","background-media":"","overlay-type":"","overlay-color":"","overlay-opacity":"","overlay-gradient":""},"tablet":{"background-color":"","background-image":"","background-repeat":"repeat","background-position":"center center","background-size":"auto","background-attachment":"scroll","background-type":"","background-media":"","overlay-type":"","overlay-color":"","overlay-opacity":"","overlay-gradient":""},"mobile":{"background-color":"","background-image":"","background-repeat":"repeat","background-position":"center center","background-size":"auto","background-attachment":"scroll","background-type":"","background-media":"","overlay-type":"","overlay-color":"","overlay-opacity":"","overlay-gradient":""}},"ast-content-background-meta":{"desktop":{"background-color":"var(--ast-global-color-5)","background-image":"","background-repeat":"repeat","background-position":"center center","background-size":"auto","background-attachment":"scroll","background-type":"","background-media":"","overlay-type":"","overlay-color":"","overlay-opacity":"","overlay-gradient":""},"tablet":{"background-color":"var(--ast-global-color-5)","background-image":"","background-repeat":"repeat","background-position":"center center","background-size":"auto","background-attachment":"scroll","background-type":"","background-media":"","overlay-type":"","overlay-color":"","overlay-opacity":"","overlay-gradient":""},"mobile":{"background-color":"var(--ast-global-color-5)","background-image":"","background-repeat":"repeat","background-position":"center center","background-size":"auto","background-attachment":"scroll","background-type":"","background-media":"","overlay-type":"","overlay-color":"","overlay-opacity":"","overlay-gradient":""}},"_mbp_gutenberg_autopost":false,"footnotes":""},"class_list":["post-2099","page","type-page","status-publish","hentry"],"_links":{"self":[{"href":"https:\/\/scooterandbikerental.com\/fr\/wp-json\/wp\/v2\/pages\/2099","targetHints":{"allow":["GET"]}}],"collection":[{"href":"https:\/\/scooterandbikerental.com\/fr\/wp-json\/wp\/v2\/pages"}],"about":[{"href":"https:\/\/scooterandbikerental.com\/fr\/wp-json\/wp\/v2\/types\/page"}],"author":[{"embeddable":true,"href":"https:\/\/scooterandbikerental.com\/fr\/wp-json\/wp\/v2\/users\/1"}],"replies":[{"embeddable":true,"href":"https:\/\/scooterandbikerental.com\/fr\/wp-json\/wp\/v2\/comments?post=2099"}],"version-history":[{"count":5,"href":"https:\/\/scooterandbikerental.com\/fr\/wp-json\/wp\/v2\/pages\/2099\/revisions"}],"predecessor-version":[{"id":6649,"href":"https:\/\/scooterandbikerental.com\/fr\/wp-json\/wp\/v2\/pages\/2099\/revisions\/6649"}],"wp:attachment":[{"href":"https:\/\/scooterandbikerental.com\/fr\/wp-json\/wp\/v2\/media?parent=2099"}],"curies":[{"name":"wp","href":"https:\/\/api.w.org\/{rel}","templated":true}]}}