{"id":3085,"date":"2024-01-30T16:16:45","date_gmt":"2024-01-30T16:16:45","guid":{"rendered":"https:\/\/scooterandbikerental.com\/velos-electriques\/winora-yucatan-12-pro-low\/"},"modified":"2025-01-15T09:41:21","modified_gmt":"2025-01-15T09:41:21","slug":"winora-yucatan-12-pro-low","status":"publish","type":"page","link":"https:\/\/scooterandbikerental.com\/fr\/velos-electriques\/winora-yucatan-12-pro-low\/","title":{"rendered":"Location de v\u00e9los \u00e9lectriques Winora Yucatan 12 pro low"},"content":{"rendered":"\n<div class=\"wrap plugin-container\">\n\n\t\n\t\n\t<div class=\"vri-page-content\">\n\t<div class=\"vri-itemdet-groupblocks\">\n\t\t<div class=\"vri-itemdet-groupleft\">\n\t\t\t<div class=\"vri-itemdet-imagesblock\">\n\t\t\t\t<div class=\"vri-itemdet-mainimage\">\n\t\t\t\t\t<img decoding=\"async\" src=\"https:\/\/scooterandbikerental.com\/wp-content\/plugins\/vikrentitems\/admin\/resources\/winora_yucatan_x12_pro_low.jpg\" alt=\"Winora Yucatan X12 PRO LOW\" title=\"\">\n\t\t\t\t<\/div>\n\t\t\t\t<\/div>\n\t\t<\/div>\n\n\t\t<div class=\"vri-itemdet-groupright\">\n\t\t\t<div class=\"vri-itemdet-infoblock\">\n\t\t\t\t<div class=\"vri-itemdet-infocat\">\n\t\t\t\t\t<span>V\u00e9los \u00e9lectriques<\/span>\n\t\t\t\t<\/div>\n\t\t\t\t<div class=\"vri-itemdet-infoname\">\n\t\t\t\t\t<span>Winora Yucatan X12 PRO LOW<\/span>\n\t\t\t\t<\/div>\n\t\t\t<\/div>\n\t\t\t<div class=\"vri-itemdet-descr\">\n<p class=\"title txt-lemon\">CARACT\u00c9RISTIQUES<\/p>\n<ul>\n<li>720Wh<\/li>\n<li>D\u00e9railleur arri\u00e8re XT<\/li>\n<li>Cadre en aluminium<\/li>\n<li>Jusqu'\u00e0 250 km d'autonomie<\/li>\n<li>Casque<\/li>\n<li>Cadenas<\/li>\n<\/ul>\n<p class=\"reserva-telefonica\">Pour les r\u00e9servations d'une journ\u00e9e seulement, veuillez nous contacter par t\u00e9l\u00e9phone au <a href=\"tel:+34672529806\">672 529 806<\/a><\/p>\n\t\t\t<\/div>\n\t\t\t<div class=\"vri-itemdet-priceblock\">\n\t\t\t\t<span class=\"vri-itemdet-price-startfrom\">Starting From<\/span>\n\t\t\t\t<span class=\"vri-itemdet-price-cost\">\u20ac 19.00<\/span>\n\t\t\t\t<span class=\"vri-itemdet-price-fromtext\">per Day<\/span>\n\t\t\t<\/div>\n\t\t\t<\/div>\n\t<\/div>\n\t<div class=\"vri-itemdet-monthslegend\">\n\t\t<form action=\"https:\/\/scooterandbikerental.com\/ebike-rental\/winora-yucatan-12-pro-low\/\" method=\"post\" name=\"vrimonths\">\n\t\t\t<select name=\"month\" onchange=\"javascript: document.vrimonths.submit();\" class=\"vriselectm\"><option value=\"1775001600\">April 2026<\/option>\n<option value=\"1777593600\">May 2026<\/option>\n<option value=\"1780272000\">June 2026<\/option>\n<option value=\"1782864000\">July 2026<\/option>\n<option value=\"1785542400\">August 2026<\/option>\n<option value=\"1788220800\">September 2026<\/option>\n<option value=\"1790812800\">October 2026<\/option>\n<option value=\"1793491200\">November 2026<\/option>\n<option value=\"1796083200\">December 2026<\/option>\n<option value=\"1798761600\">January 2027<\/option>\n<option value=\"1801440000\">February 2027<\/option>\n<option value=\"1803859200\">March 2027<\/option>\n<\/select>\n\t\t<\/form>\n\n\t\t<div class=\"vrilegendediv\">\n\t\t\t<span class=\"vrilegenda\">\n\t\t\t\t<span class=\"vrilegfree\">&nbsp;<\/span>\n\t\t\t\t<span class=\"vri-leg-text\">Available<\/span>\n\t\t\t<\/span>\n\t\t\t\t\t\t<span class=\"vrilegenda\">\n\t\t\t\t<span class=\"vrilegwarning\">&nbsp;<\/span>\n\t\t\t\t<span class=\"vri-leg-text\">Partially Reserved<\/span>\n\t\t\t<\/span>\n\t\t\t\t\t\t<span class=\"vrilegenda\">\n\t\t\t\t<span class=\"vrilegbusy\">&nbsp;<\/span>\n\t\t\t\t<span class=\"vri-leg-text\">Not Available<\/span>\n\t\t\t<\/span>\n\t\t<\/div>\n\n\t<\/div>\n\t\t<div class=\"vri-avcals-container\">\n\t\t<div class=\"vricaldivcont\">\n\t\t\t<table class=\"vrical\">\n\t\t\t\t<tr><td colspan=\"7\" align=\"center\" class=\"vriitdetmonthnam\"><strong>April 2026<\/strong><\/td><\/tr>\n\t\t\t\t<tr class=\"vricaldays\">\n\t<td>Mon<\/td><td>Tue<\/td><td>Wed<\/td><td>Thu<\/td><td>Fri<\/td><td>Sat<\/td><td>Sun<\/td>\t\t\t\t<\/tr>\n\t\t\t\t<tr>\n\t<td align=\"center\">&nbsp;<\/td><td align=\"center\">&nbsp;<\/td><td align=\"center\" data-fulldate=\"2026-4-1\" data-weekday=\"3\" class=\"vritdfree\"><span class=\"vri-avcal-spday\">01<\/span><\/td>\n<td align=\"center\" data-fulldate=\"2026-4-2\" data-weekday=\"4\" class=\"vritdfree\"><span class=\"vri-avcal-spday\">02<\/span><\/td>\n<td align=\"center\" data-fulldate=\"2026-4-3\" data-weekday=\"5\" class=\"vritdfree\"><span class=\"vri-avcal-spday\">03<\/span><\/td>\n<td align=\"center\" data-fulldate=\"2026-4-4\" data-weekday=\"6\" class=\"vritdfree\"><span class=\"vri-avcal-spday\">04<\/span><\/td>\n<td align=\"center\" data-fulldate=\"2026-4-5\" data-weekday=\"0\" class=\"vritdfree\"><span class=\"vri-idetails-cal-pickday\" data-daydate=\"05\/04\/2026\">05<\/span><\/td>\n<\/tr>\n<tr><td align=\"center\" data-fulldate=\"2026-4-6\" data-weekday=\"1\" class=\"vritdfree\"><span class=\"vri-idetails-cal-pickday\" data-daydate=\"06\/04\/2026\">06<\/span><\/td>\n<td align=\"center\" data-fulldate=\"2026-4-7\" data-weekday=\"2\" class=\"vritdfree\"><span class=\"vri-idetails-cal-pickday\" data-daydate=\"07\/04\/2026\">07<\/span><\/td>\n<td align=\"center\" data-fulldate=\"2026-4-8\" data-weekday=\"3\" class=\"vritdfree\"><span class=\"vri-idetails-cal-pickday\" data-daydate=\"08\/04\/2026\">08<\/span><\/td>\n<td align=\"center\" data-fulldate=\"2026-4-9\" data-weekday=\"4\" class=\"vritdfree\"><span class=\"vri-idetails-cal-pickday\" data-daydate=\"09\/04\/2026\">09<\/span><\/td>\n<td align=\"center\" data-fulldate=\"2026-4-10\" data-weekday=\"5\" class=\"vritdfree\"><span class=\"vri-idetails-cal-pickday\" data-daydate=\"10\/04\/2026\">10<\/span><\/td>\n<td align=\"center\" data-fulldate=\"2026-4-11\" data-weekday=\"6\" class=\"vritdfree\"><span class=\"vri-idetails-cal-pickday\" data-daydate=\"11\/04\/2026\">11<\/span><\/td>\n<td align=\"center\" data-fulldate=\"2026-4-12\" data-weekday=\"0\" class=\"vritdfree\"><span class=\"vri-idetails-cal-pickday\" data-daydate=\"12\/04\/2026\">12<\/span><\/td>\n<\/tr>\n<tr><td align=\"center\" data-fulldate=\"2026-4-13\" data-weekday=\"1\" class=\"vritdfree\"><span class=\"vri-idetails-cal-pickday\" data-daydate=\"13\/04\/2026\">13<\/span><\/td>\n<td align=\"center\" data-fulldate=\"2026-4-14\" data-weekday=\"2\" class=\"vritdfree\"><span class=\"vri-idetails-cal-pickday\" data-daydate=\"14\/04\/2026\">14<\/span><\/td>\n<td align=\"center\" data-fulldate=\"2026-4-15\" data-weekday=\"3\" class=\"vritdfree\"><span class=\"vri-idetails-cal-pickday\" data-daydate=\"15\/04\/2026\">15<\/span><\/td>\n<td align=\"center\" data-fulldate=\"2026-4-16\" data-weekday=\"4\" class=\"vritdfree\"><span class=\"vri-idetails-cal-pickday\" data-daydate=\"16\/04\/2026\">16<\/span><\/td>\n<td align=\"center\" data-fulldate=\"2026-4-17\" data-weekday=\"5\" class=\"vritdfree\"><span class=\"vri-idetails-cal-pickday\" data-daydate=\"17\/04\/2026\">17<\/span><\/td>\n<td align=\"center\" data-fulldate=\"2026-4-18\" data-weekday=\"6\" class=\"vritdfree\"><span class=\"vri-idetails-cal-pickday\" data-daydate=\"18\/04\/2026\">18<\/span><\/td>\n<td align=\"center\" data-fulldate=\"2026-4-19\" data-weekday=\"0\" class=\"vritdfree\"><span class=\"vri-idetails-cal-pickday\" data-daydate=\"19\/04\/2026\">19<\/span><\/td>\n<\/tr>\n<tr><td align=\"center\" data-fulldate=\"2026-4-20\" data-weekday=\"1\" class=\"vritdfree\"><span class=\"vri-idetails-cal-pickday\" data-daydate=\"20\/04\/2026\">20<\/span><\/td>\n<td align=\"center\" data-fulldate=\"2026-4-21\" data-weekday=\"2\" class=\"vritdfree\"><span class=\"vri-idetails-cal-pickday\" data-daydate=\"21\/04\/2026\">21<\/span><\/td>\n<td align=\"center\" data-fulldate=\"2026-4-22\" data-weekday=\"3\" class=\"vritdfree\"><span class=\"vri-idetails-cal-pickday\" data-daydate=\"22\/04\/2026\">22<\/span><\/td>\n<td align=\"center\" data-fulldate=\"2026-4-23\" data-weekday=\"4\" class=\"vritdfree\"><span class=\"vri-idetails-cal-pickday\" data-daydate=\"23\/04\/2026\">23<\/span><\/td>\n<td align=\"center\" data-fulldate=\"2026-4-24\" data-weekday=\"5\" class=\"vritdfree\"><span class=\"vri-idetails-cal-pickday\" data-daydate=\"24\/04\/2026\">24<\/span><\/td>\n<td align=\"center\" data-fulldate=\"2026-4-25\" data-weekday=\"6\" class=\"vritdfree\"><span class=\"vri-idetails-cal-pickday\" data-daydate=\"25\/04\/2026\">25<\/span><\/td>\n<td align=\"center\" data-fulldate=\"2026-4-26\" data-weekday=\"0\" class=\"vritdfree\"><span class=\"vri-idetails-cal-pickday\" data-daydate=\"26\/04\/2026\">26<\/span><\/td>\n<\/tr>\n<tr><td align=\"center\" data-fulldate=\"2026-4-27\" data-weekday=\"1\" class=\"vritdfree\"><span class=\"vri-idetails-cal-pickday\" data-daydate=\"27\/04\/2026\">27<\/span><\/td>\n<td align=\"center\" data-fulldate=\"2026-4-28\" data-weekday=\"2\" class=\"vritdfree\"><span class=\"vri-idetails-cal-pickday\" data-daydate=\"28\/04\/2026\">28<\/span><\/td>\n<td align=\"center\" data-fulldate=\"2026-4-29\" data-weekday=\"3\" class=\"vritdfree\"><span class=\"vri-idetails-cal-pickday\" data-daydate=\"29\/04\/2026\">29<\/span><\/td>\n<td align=\"center\" data-fulldate=\"2026-4-30\" data-weekday=\"4\" class=\"vritdfree\"><span class=\"vri-idetails-cal-pickday\" data-daydate=\"30\/04\/2026\">30<\/span><\/td>\n<td align=\"center\">&nbsp;<\/td><td align=\"center\">&nbsp;<\/td><td align=\"center\">&nbsp;<\/td>\t\t\t\t<\/tr>\n\t\t\t<\/table>\n\t\t<\/div>\n\t\t<\/div>\n\n\t<div id=\"vri-bookingpart-init\"><\/div>\n\n\t<div class=\"vri-bookform-container\">\n\t\t<h4 class=\"vri-medium-header\">Select a Pickup and Drop Off Date<\/h4>\n<div class=\"vridivsearch vri-main-search-form\"><form action=\"https:\/\/scooterandbikerental.com\/fr\/velos-electriques\/winora-yucatan-12-pro-low\/?option=com_vikrentitems\" method=\"post\" onsubmit=\"return vriValidateSearch();\"><div class=\"vricalform\">\n<input type=\"hidden\" name=\"option\" value=\"com_vikrentitems\"\/>\n<input type=\"hidden\" name=\"task\" value=\"search\"\/>\n<input type=\"hidden\" name=\"itemdetail\" value=\"22\"\/>\n<div class=\"vrisfentry\"><label class=\"vripickdroplab\" for=\"pickupdate\">Pickup Date and Time<\/label><div class=\"vri-sf-input-wrap vri-sf-input-pickup\"><span><input type=\"text\" name=\"pickupdate\" id=\"pickupdate\" size=\"10\" autocomplete=\"off\" onfocus=\"this.blur();\" readonly\/><i class=\"far fa-calendar-alt vri-caltrigger\"><\/i><\/span><\/div><div class=\"vrisfentrytime\"><div class=\"vri-sf-entrytime-inner\"><label for=\"pickuph\">At<\/label><span id=\"vricomselph\"><select name=\"pickuph\" id=\"pickuph\"><option value=\"09\">9<\/option>\n<option value=\"10\">10<\/option>\n<option value=\"11\">11<\/option>\n<option value=\"12\">12<\/option>\n<option value=\"13\">13<\/option>\n<option value=\"14\">14<\/option>\n<option value=\"15\">15<\/option>\n<option value=\"16\">16<\/option>\n<option value=\"17\">17<\/option>\n<option value=\"18\">18<\/option>\n<\/select><\/span><label class=\"vritimedots\">:<\/label><span id=\"vricomselpm\"><select name=\"pickupm\"><option value=\"00\" selected=\"selected\">00<\/option>\n<option value=\"15\">15<\/option>\n<option value=\"30\">30<\/option>\n<option value=\"45\">45<\/option>\n<\/select><\/span><\/div><\/div><\/div>\n<div class=\"vrisfentry\"><label class=\"vripickdroplab\" for=\"releasedate\">Drop Off Date and Time<\/label><div class=\"vri-sf-input-wrap vri-sf-input-pickup\"><span><input type=\"text\" name=\"releasedate\" id=\"releasedate\" size=\"10\" autocomplete=\"off\" onfocus=\"this.blur();\" readonly\/><i class=\"far fa-calendar-alt vri-caltrigger\"><\/i><\/span><\/div><div class=\"vrisfentrytime\"><div class=\"vri-sf-entrytime-inner\"><label for=\"releaseh\">At<\/label><span id=\"vricomseldh\"><select name=\"releaseh\" id=\"releaseh\"><option value=\"09\">9<\/option>\n<option value=\"10\">10<\/option>\n<option value=\"11\">11<\/option>\n<option value=\"12\">12<\/option>\n<option value=\"13\">13<\/option>\n<option value=\"14\">14<\/option>\n<option value=\"15\">15<\/option>\n<option value=\"16\">16<\/option>\n<option value=\"17\">17<\/option>\n<option value=\"18\">18<\/option>\n<\/select><\/span><label class=\"vritimedots\">:<\/label><span id=\"vricomseldm\"><select name=\"releasem\"><option value=\"00\" selected=\"selected\">00<\/option>\n<option value=\"15\">15<\/option>\n<option value=\"30\">30<\/option>\n<option value=\"45\">45<\/option>\n<\/select><\/span><\/div><\/div><\/div>\n<div class=\"vrisfentry\"><label for=\"itemquant\">Quantity<\/label><span><input type=\"number\" name=\"itemquant\" id=\"itemquant\" value=\"1\" min=\"1\" max=\"100\" class=\"vri-numbinput\"\/><\/span><\/div>\n<div class=\"vrisfentrysubmit\"><input type=\"submit\" name=\"search\" value=\"R\u00e9servez\" class=\"vridetbooksubmit\"\/><\/div>\n<\/div>\n<\/form><\/div>\t<\/div>\n\t\t<script type=\"text\/javascript\">\n\tfunction vriCleanNumber(snum) {\n\t\tif (snum.length > 1 && snum.substr(0, 1) == '0') {\n\t\t\treturn parseInt(snum.substr(1));\n\t\t}\n\t\treturn parseInt(snum);\n\t}\n\n\tfunction vriValidateSearch() {\n\t\tif (typeof jQuery === 'undefined' || typeof vri_wopening_pick === 'undefined') {\n\t\t\treturn true;\n\t\t}\n\t\tif (vri_mopening_pick !== null) {\n\t\t\t\/\/ pickup time\n\t\t\tvar pickh = jQuery('#vricomselph').find('select').val();\n\t\t\tvar pickm = jQuery('#vricomselpm').find('select').val();\n\t\t\tif (!pickh || !pickh.length || !pickm) {\n\t\t\t\treturn true;\n\t\t\t}\n\t\t\tpickh = vriCleanNumber(pickh);\n\t\t\tpickm = vriCleanNumber(pickm);\n\t\t\tif (pickh == vri_mopening_pick[0]) {\n\t\t\t\tif (pickm < vri_mopening_pick[1]) {\n\t\t\t\t\t\/\/ location is still closed at this time\n\t\t\t\t\tjQuery('#vricomselpm').find('select').html('<option value=\"'+vri_mopening_pick[1]+'\">'+(vri_mopening_pick[1] < 10 ? '0'+vri_mopening_pick[1] : vri_mopening_pick[1])+'<\/option>').val(vri_mopening_pick[1]);\n\t\t\t\t}\n\t\t\t}\n\t\t\tif (pickh == vri_mopening_pick[2]) {\n\t\t\t\tif (pickm > vri_mopening_pick[3]) {\n\t\t\t\t\t\/\/ location is already closed at this time for a pick up\n\t\t\t\t\tjQuery('#vricomselpm').find('select').html('<option value=\"'+vri_mopening_pick[3]+'\">'+(vri_mopening_pick[3] < 10 ? '0'+vri_mopening_pick[3] : vri_mopening_pick[3])+'<\/option>').val(vri_mopening_pick[3]);\n\t\t\t\t}\n\t\t\t}\n\t\t}\n\n\t\tif (vri_mopening_drop !== null) {\n\t\t\t\/\/ dropoff time\n\t\t\tvar droph = jQuery('#vricomseldh').find('select').val();\n\t\t\tvar dropm = jQuery('#vricomseldm').find('select').val();\n\t\t\tif (!droph || !droph.length || !dropm) {\n\t\t\t\treturn true;\n\t\t\t}\n\t\t\tdroph = vriCleanNumber(droph);\n\t\t\tdropm = vriCleanNumber(dropm);\n\t\t\tif (droph == vri_mopening_drop[0]) {\n\t\t\t\tif (dropm > vri_mopening_drop[1]) {\n\t\t\t\t\t\/\/ location is already closed at this time\n\t\t\t\t\tjQuery('#vricomseldm').find('select').html('<option value=\"'+vri_mopening_drop[1]+'\">'+(vri_mopening_drop[1] < 10 ? '0'+vri_mopening_drop[1] : vri_mopening_drop[1])+'<\/option>').val(vri_mopening_drop[1]);\n\t\t\t\t}\n\t\t\t}\n\t\t\tif (droph == vri_mopening_drop[2]) {\n\t\t\t\tif (dropm < vri_mopening_drop[3]) {\n\t\t\t\t\t\/\/ location is still closed at this time for a drop off\n\t\t\t\t\tjQuery('#vricomseldm').find('select').html('<option value=\"'+vri_mopening_drop[3]+'\">'+(vri_mopening_drop[3] < 10 ? '0'+vri_mopening_drop[3] : vri_mopening_drop[3])+'<\/option>').val(vri_mopening_drop[3]);\n\t\t\t\t}\n\t\t\t}\n\t\t}\n\n\t\treturn true;\n\t}\n\n\tjQuery(document).ready(function() {\n\t\n\t\tjQuery(document.body).on('click', '.vri-idetails-cal-pickday', function() {\n\t\t\tif (!jQuery(\"#pickupdate\").length) {\n\t\t\t\treturn;\n\t\t\t}\n\t\t\tvar tdday = jQuery(this).attr('data-daydate');\n\t\t\tif (!tdday || !tdday.length) {\n\t\t\t\treturn;\n\t\t\t}\n\t\t\t\/\/ set pick-up date in datepicker\n\t\t\tjQuery('#pickupdate').datepicker('setDate', tdday);\n\t\t\t\/\/ animate to datepickers position\n\t\t\tif (jQuery(\"#vri-bookingpart-init\").length) {\n\t\t\t\tjQuery('html,body').animate({\n\t\t\t\t\tscrollTop: (jQuery('#vri-bookingpart-init').offset().top - 5)\n\t\t\t\t}, 600, function() {\n\t\t\t\t\t\/\/ animation-complete callback should simulate the onSelect event of the pick-up datepicker\n\t\t\t\t\tif (typeof vriSetMinDropoffDate !== \"undefined\") {\n\t\t\t\t\t\tvriSetMinDropoffDate();\n\t\t\t\t\t}\n\t\t\t\t\tif (typeof vriLocationWopening !== \"undefined\") {\n\t\t\t\t\t\tvriLocationWopening('pickup');\n\t\t\t\t\t}\n\t\t\t\t\t\/\/ give focus to drop-off datepicker\n\t\t\t\t\tif (jQuery('#releasedate').length) {\n\t\t\t\t\t\tjQuery('#releasedate').focus();\n\t\t\t\t\t}\n\t\t\t\t});\n\t\t\t}\n\t\t});\n\t});\n\t<\/script>\n\t<\/div>\n\n<\/div>\n\n","protected":false},"excerpt":{"rendered":"","protected":false},"author":1,"featured_media":0,"parent":2065,"menu_order":0,"comment_status":"closed","ping_status":"closed","template":"","meta":{"site-sidebar-layout":"default","site-content-layout":"","ast-site-content-layout":"default","site-content-style":"default","site-sidebar-style":"default","ast-global-header-display":"","ast-banner-title-visibility":"","ast-main-header-display":"","ast-hfb-above-header-display":"","ast-hfb-below-header-display":"","ast-hfb-mobile-header-display":"","site-post-title":"","ast-breadcrumbs-content":"","ast-featured-img":"","footer-sml-layout":"","ast-disable-related-posts":"","theme-transparent-header-meta":"","adv-header-id-meta":"","stick-header-meta":"","header-above-stick-meta":"","header-main-stick-meta":"","header-below-stick-meta":"","astra-migrate-meta-layouts":"default","ast-page-background-enabled":"default","ast-page-background-meta":{"desktop":{"background-color":"var(--ast-global-color-4)","background-image":"","background-repeat":"repeat","background-position":"center center","background-size":"auto","background-attachment":"scroll","background-type":"","background-media":"","overlay-type":"","overlay-color":"","overlay-opacity":"","overlay-gradient":""},"tablet":{"background-color":"","background-image":"","background-repeat":"repeat","background-position":"center center","background-size":"auto","background-attachment":"scroll","background-type":"","background-media":"","overlay-type":"","overlay-color":"","overlay-opacity":"","overlay-gradient":""},"mobile":{"background-color":"","background-image":"","background-repeat":"repeat","background-position":"center center","background-size":"auto","background-attachment":"scroll","background-type":"","background-media":"","overlay-type":"","overlay-color":"","overlay-opacity":"","overlay-gradient":""}},"ast-content-background-meta":{"desktop":{"background-color":"var(--ast-global-color-5)","background-image":"","background-repeat":"repeat","background-position":"center center","background-size":"auto","background-attachment":"scroll","background-type":"","background-media":"","overlay-type":"","overlay-color":"","overlay-opacity":"","overlay-gradient":""},"tablet":{"background-color":"var(--ast-global-color-5)","background-image":"","background-repeat":"repeat","background-position":"center center","background-size":"auto","background-attachment":"scroll","background-type":"","background-media":"","overlay-type":"","overlay-color":"","overlay-opacity":"","overlay-gradient":""},"mobile":{"background-color":"var(--ast-global-color-5)","background-image":"","background-repeat":"repeat","background-position":"center center","background-size":"auto","background-attachment":"scroll","background-type":"","background-media":"","overlay-type":"","overlay-color":"","overlay-opacity":"","overlay-gradient":""}},"_mbp_gutenberg_autopost":false,"footnotes":""},"class_list":["post-3085","page","type-page","status-publish","hentry"],"_links":{"self":[{"href":"https:\/\/scooterandbikerental.com\/fr\/wp-json\/wp\/v2\/pages\/3085","targetHints":{"allow":["GET"]}}],"collection":[{"href":"https:\/\/scooterandbikerental.com\/fr\/wp-json\/wp\/v2\/pages"}],"about":[{"href":"https:\/\/scooterandbikerental.com\/fr\/wp-json\/wp\/v2\/types\/page"}],"author":[{"embeddable":true,"href":"https:\/\/scooterandbikerental.com\/fr\/wp-json\/wp\/v2\/users\/1"}],"replies":[{"embeddable":true,"href":"https:\/\/scooterandbikerental.com\/fr\/wp-json\/wp\/v2\/comments?post=3085"}],"version-history":[{"count":2,"href":"https:\/\/scooterandbikerental.com\/fr\/wp-json\/wp\/v2\/pages\/3085\/revisions"}],"predecessor-version":[{"id":4533,"href":"https:\/\/scooterandbikerental.com\/fr\/wp-json\/wp\/v2\/pages\/3085\/revisions\/4533"}],"up":[{"embeddable":true,"href":"https:\/\/scooterandbikerental.com\/fr\/wp-json\/wp\/v2\/pages\/2065"}],"wp:attachment":[{"href":"https:\/\/scooterandbikerental.com\/fr\/wp-json\/wp\/v2\/media?parent=3085"}],"curies":[{"name":"wp","href":"https:\/\/api.w.org\/{rel}","templated":true}]}}