{"id":3101,"date":"2024-01-30T16:37:28","date_gmt":"2024-01-30T16:37:28","guid":{"rendered":"https:\/\/scooterandbikerental.com\/velos\/velo-de-ville-riverside-500-lf-3\/"},"modified":"2025-01-15T12:55:02","modified_gmt":"2025-01-15T12:55:02","slug":"velo-de-ville-riverside-500-lf-3","status":"publish","type":"page","link":"https:\/\/scooterandbikerental.com\/fr\/velos\/velo-de-ville-riverside-500-lf-3\/","title":{"rendered":"Location de v\u00e9los V\u00e9lo de ville Riverside 500 LF"},"content":{"rendered":"\n<div class=\"wrap plugin-container\">\n\n\t\n\t\n\t<div class=\"vri-page-content\">\n\t<div class=\"vri-itemdet-groupblocks\">\n\t\t<div class=\"vri-itemdet-groupleft\">\n\t\t\t<div class=\"vri-itemdet-imagesblock\">\n\t\t\t\t<div class=\"vri-itemdet-mainimage\">\n\t\t\t\t\t<img decoding=\"async\" src=\"https:\/\/scooterandbikerental.com\/wp-content\/plugins\/vikrentitems\/admin\/resources\/city_bike_riverside_500_lf.webp\" alt=\"City Bike Riverside 500 LF\" title=\"\">\n\t\t\t\t<\/div>\n\t\t\t\t<\/div>\n\t\t<\/div>\n\n\t\t<div class=\"vri-itemdet-groupright\">\n\t\t\t<div class=\"vri-itemdet-infoblock\">\n\t\t\t\t<div class=\"vri-itemdet-infocat\">\n\t\t\t\t\t<span>V\u00e9lo<\/span>\n\t\t\t\t<\/div>\n\t\t\t\t<div class=\"vri-itemdet-infoname\">\n\t\t\t\t\t<span>City Bike Riverside 500 LF<\/span>\n\t\t\t\t<\/div>\n\t\t\t<\/div>\n\t\t\t<div class=\"vri-itemdet-descr\">\n<p>MEILLEUR VENDEUR<\/p>\n<p class=\"reserva-telefonica\">Pour les r\u00e9servations d'une journ\u00e9e seulement, veuillez nous contacter par t\u00e9l\u00e9phone au <a href=\"tel:+34672529806\">672 529 806<\/a><\/p>\n\t\t\t<\/div>\n\t\t\t<div class=\"vri-itemdet-priceblock\">\n\t\t\t\t<span class=\"vri-itemdet-price-startfrom\">Starting From<\/span>\n\t\t\t\t<span class=\"vri-itemdet-price-cost\">\u20ac 6.00<\/span>\n\t\t\t\t<span class=\"vri-itemdet-price-fromtext\">per Day<\/span>\n\t\t\t<\/div>\n\t\t\t<\/div>\n\t<\/div>\n\t<div class=\"vri-itemdet-monthslegend\">\n\t\t<form action=\"https:\/\/scooterandbikerental.com\/bike-rental\/city-bike-riverside-500-lf\/\" method=\"post\" name=\"vrimonths\">\n\t\t\t<select name=\"month\" onchange=\"javascript: document.vrimonths.submit();\" class=\"vriselectm\"><option value=\"1777593600\">May 2026<\/option>\n<option value=\"1780272000\">June 2026<\/option>\n<option value=\"1782864000\">July 2026<\/option>\n<option value=\"1785542400\">August 2026<\/option>\n<option value=\"1788220800\">September 2026<\/option>\n<option value=\"1790812800\">October 2026<\/option>\n<option value=\"1793491200\">November 2026<\/option>\n<option value=\"1796083200\">December 2026<\/option>\n<option value=\"1798761600\">January 2027<\/option>\n<option value=\"1801440000\">February 2027<\/option>\n<option value=\"1803859200\">March 2027<\/option>\n<option value=\"1806537600\">April 2027<\/option>\n<\/select>\n\t\t<\/form>\n\n\t\t<div class=\"vrilegendediv\">\n\t\t\t<span class=\"vrilegenda\">\n\t\t\t\t<span class=\"vrilegfree\">&nbsp;<\/span>\n\t\t\t\t<span class=\"vri-leg-text\">Available<\/span>\n\t\t\t<\/span>\n\t\t\t\t\t\t<span class=\"vrilegenda\">\n\t\t\t\t<span class=\"vrilegwarning\">&nbsp;<\/span>\n\t\t\t\t<span class=\"vri-leg-text\">Partially Reserved<\/span>\n\t\t\t<\/span>\n\t\t\t\t\t\t<span class=\"vrilegenda\">\n\t\t\t\t<span class=\"vrilegbusy\">&nbsp;<\/span>\n\t\t\t\t<span class=\"vri-leg-text\">Not Available (for the whole day, check hourly availability)<\/span>\n\t\t\t<\/span>\n\t\t<\/div>\n\n\t<\/div>\n\t\t<div class=\"vri-avcals-container\">\n\t\t<div class=\"vricaldivcont\">\n\t\t\t<table class=\"vrical\">\n\t\t\t\t<tr><td colspan=\"7\" align=\"center\" class=\"vriitdetmonthnam\"><strong>May 2026<\/strong><\/td><\/tr>\n\t\t\t\t<tr class=\"vricaldays\">\n\t<td>Mon<\/td><td>Tue<\/td><td>Wed<\/td><td>Thu<\/td><td>Fri<\/td><td>Sat<\/td><td>Sun<\/td>\t\t\t\t<\/tr>\n\t\t\t\t<tr>\n\t<td align=\"center\">&nbsp;<\/td><td align=\"center\">&nbsp;<\/td><td align=\"center\">&nbsp;<\/td><td align=\"center\">&nbsp;<\/td><td align=\"center\" data-fulldate=\"2026-5-1\" data-weekday=\"5\" class=\"vritdfree\"><a href=\"https:\/\/scooterandbikerental.com\/bike-rental\/city-bike-riverside-500-lf\/?dt=1777593600\">01<\/a><\/td>\n<td align=\"center\" data-fulldate=\"2026-5-2\" data-weekday=\"6\" class=\"vritdfree\"><a href=\"https:\/\/scooterandbikerental.com\/bike-rental\/city-bike-riverside-500-lf\/?dt=1777680000\">02<\/a><\/td>\n<td align=\"center\" data-fulldate=\"2026-5-3\" data-weekday=\"0\" class=\"vritdfree\"><a href=\"https:\/\/scooterandbikerental.com\/bike-rental\/city-bike-riverside-500-lf\/?dt=1777766400\">03<\/a><\/td>\n<\/tr>\n<tr><td align=\"center\" data-fulldate=\"2026-5-4\" data-weekday=\"1\" class=\"vritdfree\"><a href=\"https:\/\/scooterandbikerental.com\/bike-rental\/city-bike-riverside-500-lf\/?dt=1777852800\">04<\/a><\/td>\n<td align=\"center\" data-fulldate=\"2026-5-5\" data-weekday=\"2\" class=\"vritdfree\"><a href=\"https:\/\/scooterandbikerental.com\/bike-rental\/city-bike-riverside-500-lf\/?dt=1777939200\">05<\/a><\/td>\n<td align=\"center\" data-fulldate=\"2026-5-6\" data-weekday=\"3\" class=\"vritdfree\"><a href=\"https:\/\/scooterandbikerental.com\/bike-rental\/city-bike-riverside-500-lf\/?dt=1778025600\">06<\/a><\/td>\n<td align=\"center\" data-fulldate=\"2026-5-7\" data-weekday=\"4\" class=\"vritdfree\"><a href=\"https:\/\/scooterandbikerental.com\/bike-rental\/city-bike-riverside-500-lf\/?dt=1778112000\">07<\/a><\/td>\n<td align=\"center\" data-fulldate=\"2026-5-8\" data-weekday=\"5\" class=\"vritdfree\"><a href=\"https:\/\/scooterandbikerental.com\/bike-rental\/city-bike-riverside-500-lf\/?dt=1778198400\">08<\/a><\/td>\n<td align=\"center\" data-fulldate=\"2026-5-9\" data-weekday=\"6\" class=\"vritdfree\"><a href=\"https:\/\/scooterandbikerental.com\/bike-rental\/city-bike-riverside-500-lf\/?dt=1778284800\">09<\/a><\/td>\n<td align=\"center\" data-fulldate=\"2026-5-10\" data-weekday=\"0\" class=\"vritdfree\"><a href=\"https:\/\/scooterandbikerental.com\/bike-rental\/city-bike-riverside-500-lf\/?dt=1778371200\">10<\/a><\/td>\n<\/tr>\n<tr><td align=\"center\" data-fulldate=\"2026-5-11\" data-weekday=\"1\" class=\"vritdfree\"><a href=\"https:\/\/scooterandbikerental.com\/bike-rental\/city-bike-riverside-500-lf\/?dt=1778457600\">11<\/a><\/td>\n<td align=\"center\" data-fulldate=\"2026-5-12\" data-weekday=\"2\" class=\"vritdfree\"><a href=\"https:\/\/scooterandbikerental.com\/bike-rental\/city-bike-riverside-500-lf\/?dt=1778544000\">12<\/a><\/td>\n<td align=\"center\" data-fulldate=\"2026-5-13\" data-weekday=\"3\" class=\"vritdfree\"><a href=\"https:\/\/scooterandbikerental.com\/bike-rental\/city-bike-riverside-500-lf\/?dt=1778630400\">13<\/a><\/td>\n<td align=\"center\" data-fulldate=\"2026-5-14\" data-weekday=\"4\" class=\"vritdfree\"><a href=\"https:\/\/scooterandbikerental.com\/bike-rental\/city-bike-riverside-500-lf\/?dt=1778716800\">14<\/a><\/td>\n<td align=\"center\" data-fulldate=\"2026-5-15\" data-weekday=\"5\" class=\"vritdfree\"><a href=\"https:\/\/scooterandbikerental.com\/bike-rental\/city-bike-riverside-500-lf\/?dt=1778803200\">15<\/a><\/td>\n<td align=\"center\" data-fulldate=\"2026-5-16\" data-weekday=\"6\" class=\"vritdfree\"><a href=\"https:\/\/scooterandbikerental.com\/bike-rental\/city-bike-riverside-500-lf\/?dt=1778889600\">16<\/a><\/td>\n<td align=\"center\" data-fulldate=\"2026-5-17\" data-weekday=\"0\" class=\"vritdfree\"><a href=\"https:\/\/scooterandbikerental.com\/bike-rental\/city-bike-riverside-500-lf\/?dt=1778976000\">17<\/a><\/td>\n<\/tr>\n<tr><td align=\"center\" data-fulldate=\"2026-5-18\" data-weekday=\"1\" class=\"vritdfree\"><a href=\"https:\/\/scooterandbikerental.com\/bike-rental\/city-bike-riverside-500-lf\/?dt=1779062400\">18<\/a><\/td>\n<td align=\"center\" data-fulldate=\"2026-5-19\" data-weekday=\"2\" class=\"vritdfree\"><a href=\"https:\/\/scooterandbikerental.com\/bike-rental\/city-bike-riverside-500-lf\/?dt=1779148800\">19<\/a><\/td>\n<td align=\"center\" data-fulldate=\"2026-5-20\" data-weekday=\"3\" class=\"vritdfree\"><a href=\"https:\/\/scooterandbikerental.com\/bike-rental\/city-bike-riverside-500-lf\/?dt=1779235200\">20<\/a><\/td>\n<td align=\"center\" data-fulldate=\"2026-5-21\" data-weekday=\"4\" class=\"vritdfree\"><a href=\"https:\/\/scooterandbikerental.com\/bike-rental\/city-bike-riverside-500-lf\/?dt=1779321600\">21<\/a><\/td>\n<td align=\"center\" data-fulldate=\"2026-5-22\" data-weekday=\"5\" class=\"vritdfree\"><a href=\"https:\/\/scooterandbikerental.com\/bike-rental\/city-bike-riverside-500-lf\/?dt=1779408000\">22<\/a><\/td>\n<td align=\"center\" data-fulldate=\"2026-5-23\" data-weekday=\"6\" class=\"vritdfree\"><a href=\"https:\/\/scooterandbikerental.com\/bike-rental\/city-bike-riverside-500-lf\/?dt=1779494400\">23<\/a><\/td>\n<td align=\"center\" data-fulldate=\"2026-5-24\" data-weekday=\"0\" class=\"vritdfree\"><a href=\"https:\/\/scooterandbikerental.com\/bike-rental\/city-bike-riverside-500-lf\/?dt=1779580800\">24<\/a><\/td>\n<\/tr>\n<tr><td align=\"center\" data-fulldate=\"2026-5-25\" data-weekday=\"1\" class=\"vritdfree\"><a href=\"https:\/\/scooterandbikerental.com\/bike-rental\/city-bike-riverside-500-lf\/?dt=1779667200\">25<\/a><\/td>\n<td align=\"center\" data-fulldate=\"2026-5-26\" data-weekday=\"2\" class=\"vritdfree\"><a href=\"https:\/\/scooterandbikerental.com\/bike-rental\/city-bike-riverside-500-lf\/?dt=1779753600\">26<\/a><\/td>\n<td align=\"center\" data-fulldate=\"2026-5-27\" data-weekday=\"3\" class=\"vritdfree\"><a href=\"https:\/\/scooterandbikerental.com\/bike-rental\/city-bike-riverside-500-lf\/?dt=1779840000\">27<\/a><\/td>\n<td align=\"center\" data-fulldate=\"2026-5-28\" data-weekday=\"4\" class=\"vritdfree\"><a href=\"https:\/\/scooterandbikerental.com\/bike-rental\/city-bike-riverside-500-lf\/?dt=1779926400\">28<\/a><\/td>\n<td align=\"center\" data-fulldate=\"2026-5-29\" data-weekday=\"5\" class=\"vritdfree\"><a href=\"https:\/\/scooterandbikerental.com\/bike-rental\/city-bike-riverside-500-lf\/?dt=1780012800\">29<\/a><\/td>\n<td align=\"center\" data-fulldate=\"2026-5-30\" data-weekday=\"6\" class=\"vritdfree\"><a href=\"https:\/\/scooterandbikerental.com\/bike-rental\/city-bike-riverside-500-lf\/?dt=1780099200\">30<\/a><\/td>\n<td align=\"center\" data-fulldate=\"2026-5-31\" data-weekday=\"0\" class=\"vritdfree\"><a href=\"https:\/\/scooterandbikerental.com\/bike-rental\/city-bike-riverside-500-lf\/?dt=1780185600\">31<\/a><\/td>\n\t\t\t\t<\/tr>\n\t\t\t<\/table>\n\t\t<\/div>\n\t\t<\/div>\n\n\t<div class=\"vri-hourlycal-container\">\n\t\t<h4 class=\"vri-medium-header\">Hourly Availability for the day 01\/05\/2026<\/h4>\n\t\t<div class=\"table-responsive\">\n\t\t\t<table class=\"vrical table\">\n\t\t\t\t<tr>\n\t\t\t\t\t<td style=\"text-align: center;\">H<\/td>\n\t\t\t\t\t<td style=\"text-align: center;\">00<\/td>\n\t\t\t\t\t\t<td style=\"text-align: center;\">01<\/td>\n\t\t\t\t\t\t<td style=\"text-align: center;\">02<\/td>\n\t\t\t\t\t\t<td style=\"text-align: center;\">03<\/td>\n\t\t\t\t\t\t<td style=\"text-align: center;\">04<\/td>\n\t\t\t\t\t\t<td style=\"text-align: center;\">05<\/td>\n\t\t\t\t\t\t<td style=\"text-align: center;\">06<\/td>\n\t\t\t\t\t\t<td style=\"text-align: center;\">07<\/td>\n\t\t\t\t\t\t<td style=\"text-align: center;\">08<\/td>\n\t\t\t\t\t\t<td style=\"text-align: center;\">09<\/td>\n\t\t\t\t\t\t<td style=\"text-align: center;\">10<\/td>\n\t\t\t\t\t\t<td style=\"text-align: center;\">11<\/td>\n\t\t\t\t\t\t<td style=\"text-align: center;\">12<\/td>\n\t\t\t\t\t\t<td style=\"text-align: center;\">13<\/td>\n\t\t\t\t\t\t<td style=\"text-align: center;\">14<\/td>\n\t\t\t\t\t\t<td style=\"text-align: center;\">15<\/td>\n\t\t\t\t\t\t<td style=\"text-align: center;\">16<\/td>\n\t\t\t\t\t\t<td style=\"text-align: center;\">17<\/td>\n\t\t\t\t\t\t<td style=\"text-align: center;\">18<\/td>\n\t\t\t\t\t\t<td style=\"text-align: center;\">19<\/td>\n\t\t\t\t\t\t<td style=\"text-align: center;\">20<\/td>\n\t\t\t\t\t\t<td style=\"text-align: center;\">21<\/td>\n\t\t\t\t\t\t<td style=\"text-align: center;\">22<\/td>\n\t\t\t\t\t\t<td style=\"text-align: center;\">23<\/td>\n\t\t\t\t\t<\/tr>\n\t\t\t\t<tr>\n\t\t\t\t\t<td style=\"text-align: center;\">Qt.<\/td>\n\t\t\t\t\t<td style=\"text-align: center;\" class=\"vritdfree\">100<\/td>\n\t\t\t\t\t\t<td style=\"text-align: center;\" class=\"vritdfree\">100<\/td>\n\t\t\t\t\t\t<td style=\"text-align: center;\" class=\"vritdfree\">100<\/td>\n\t\t\t\t\t\t<td style=\"text-align: center;\" class=\"vritdfree\">100<\/td>\n\t\t\t\t\t\t<td style=\"text-align: center;\" class=\"vritdfree\">100<\/td>\n\t\t\t\t\t\t<td style=\"text-align: center;\" class=\"vritdfree\">100<\/td>\n\t\t\t\t\t\t<td style=\"text-align: center;\" class=\"vritdfree\">100<\/td>\n\t\t\t\t\t\t<td style=\"text-align: center;\" class=\"vritdfree\">100<\/td>\n\t\t\t\t\t\t<td style=\"text-align: center;\" class=\"vritdfree\">100<\/td>\n\t\t\t\t\t\t<td style=\"text-align: center;\" class=\"vritdfree\">100<\/td>\n\t\t\t\t\t\t<td style=\"text-align: center;\" class=\"vritdfree\">100<\/td>\n\t\t\t\t\t\t<td style=\"text-align: center;\" class=\"vritdfree\">100<\/td>\n\t\t\t\t\t\t<td style=\"text-align: center;\" class=\"vritdfree\">100<\/td>\n\t\t\t\t\t\t<td style=\"text-align: center;\" class=\"vritdfree\">100<\/td>\n\t\t\t\t\t\t<td style=\"text-align: center;\" class=\"vritdfree\">100<\/td>\n\t\t\t\t\t\t<td style=\"text-align: center;\" class=\"vritdfree\">100<\/td>\n\t\t\t\t\t\t<td style=\"text-align: center;\" class=\"vritdfree\">100<\/td>\n\t\t\t\t\t\t<td style=\"text-align: center;\" class=\"vritdfree\">100<\/td>\n\t\t\t\t\t\t<td style=\"text-align: center;\" class=\"vritdfree\">100<\/td>\n\t\t\t\t\t\t<td style=\"text-align: center;\" class=\"vritdfree\">100<\/td>\n\t\t\t\t\t\t<td style=\"text-align: center;\" class=\"vritdfree\">100<\/td>\n\t\t\t\t\t\t<td style=\"text-align: center;\" class=\"vritdfree\">100<\/td>\n\t\t\t\t\t\t<td style=\"text-align: center;\" class=\"vritdfree\">100<\/td>\n\t\t\t\t\t\t<td style=\"text-align: center;\" class=\"vritdfree\">100<\/td>\n\t\t\t\t\t<\/tr>\n\t\t\t<\/table>\n\t\t<\/div>\n\t<\/div>\n\t<div id=\"vri-bookingpart-init\"><\/div>\n\n\t<div class=\"vri-bookform-container\">\n\t\t<h4 class=\"vri-medium-header\">Select a Pickup and Drop Off Date<\/h4>\n<div class=\"vridivsearch vri-main-search-form\"><form action=\"https:\/\/scooterandbikerental.com\/fr\/velos\/velo-de-ville-riverside-500-lf-3\/?option=com_vikrentitems\" method=\"post\" onsubmit=\"return vriValidateSearch();\"><div class=\"vricalform\">\n<input type=\"hidden\" name=\"option\" value=\"com_vikrentitems\"\/>\n<input type=\"hidden\" name=\"task\" value=\"search\"\/>\n<input type=\"hidden\" name=\"itemdetail\" value=\"19\"\/>\n<div class=\"vrisfentry\"><label class=\"vripickdroplab\" for=\"pickupdate\">Pickup Date and Time<\/label><div class=\"vri-sf-input-wrap vri-sf-input-pickup\"><span><input type=\"text\" name=\"pickupdate\" id=\"pickupdate\" size=\"10\" autocomplete=\"off\" onfocus=\"this.blur();\" readonly\/><i class=\"far fa-calendar-alt vri-caltrigger\"><\/i><\/span><\/div><div class=\"vrisfentrytime\"><div class=\"vri-sf-entrytime-inner\"><label for=\"pickuph\">At<\/label><span id=\"vricomselph\"><select name=\"pickuph\" id=\"pickuph\"><option value=\"09\">9<\/option>\n<option value=\"10\">10<\/option>\n<option value=\"11\">11<\/option>\n<option value=\"12\">12<\/option>\n<option value=\"13\">13<\/option>\n<option value=\"14\">14<\/option>\n<option value=\"15\">15<\/option>\n<option value=\"16\">16<\/option>\n<option value=\"17\">17<\/option>\n<option value=\"18\">18<\/option>\n<\/select><\/span><label class=\"vritimedots\">:<\/label><span id=\"vricomselpm\"><select name=\"pickupm\"><option value=\"00\" selected=\"selected\">00<\/option>\n<option value=\"15\">15<\/option>\n<option value=\"30\">30<\/option>\n<option value=\"45\">45<\/option>\n<\/select><\/span><\/div><\/div><\/div>\n<div class=\"vrisfentry\"><label class=\"vripickdroplab\" for=\"releasedate\">Drop Off Date and Time<\/label><div class=\"vri-sf-input-wrap vri-sf-input-pickup\"><span><input type=\"text\" name=\"releasedate\" id=\"releasedate\" size=\"10\" autocomplete=\"off\" onfocus=\"this.blur();\" readonly\/><i class=\"far fa-calendar-alt vri-caltrigger\"><\/i><\/span><\/div><div class=\"vrisfentrytime\"><div class=\"vri-sf-entrytime-inner\"><label for=\"releaseh\">At<\/label><span id=\"vricomseldh\"><select name=\"releaseh\" id=\"releaseh\"><option value=\"09\">9<\/option>\n<option value=\"10\">10<\/option>\n<option value=\"11\">11<\/option>\n<option value=\"12\">12<\/option>\n<option value=\"13\">13<\/option>\n<option value=\"14\">14<\/option>\n<option value=\"15\">15<\/option>\n<option value=\"16\">16<\/option>\n<option value=\"17\">17<\/option>\n<option value=\"18\">18<\/option>\n<\/select><\/span><label class=\"vritimedots\">:<\/label><span id=\"vricomseldm\"><select name=\"releasem\"><option value=\"00\" selected=\"selected\">00<\/option>\n<option value=\"15\">15<\/option>\n<option value=\"30\">30<\/option>\n<option value=\"45\">45<\/option>\n<\/select><\/span><\/div><\/div><\/div>\n<div class=\"vrisfentry\"><label for=\"itemquant\">Quantity<\/label><span><input type=\"number\" name=\"itemquant\" id=\"itemquant\" value=\"1\" min=\"1\" max=\"100\" class=\"vri-numbinput\"\/><\/span><\/div>\n<div class=\"vrisfentrysubmit\"><input type=\"submit\" name=\"search\" value=\"R\u00e9servez\" class=\"vridetbooksubmit\"\/><\/div>\n<\/div>\n<\/form><\/div>\t<\/div>\n\t\t<script type=\"text\/javascript\">\n\tfunction vriCleanNumber(snum) {\n\t\tif (snum.length > 1 && snum.substr(0, 1) == '0') {\n\t\t\treturn parseInt(snum.substr(1));\n\t\t}\n\t\treturn parseInt(snum);\n\t}\n\n\tfunction vriValidateSearch() {\n\t\tif (typeof jQuery === 'undefined' || typeof vri_wopening_pick === 'undefined') {\n\t\t\treturn true;\n\t\t}\n\t\tif (vri_mopening_pick !== null) {\n\t\t\t\/\/ pickup time\n\t\t\tvar pickh = jQuery('#vricomselph').find('select').val();\n\t\t\tvar pickm = jQuery('#vricomselpm').find('select').val();\n\t\t\tif (!pickh || !pickh.length || !pickm) {\n\t\t\t\treturn true;\n\t\t\t}\n\t\t\tpickh = vriCleanNumber(pickh);\n\t\t\tpickm = vriCleanNumber(pickm);\n\t\t\tif (pickh == vri_mopening_pick[0]) {\n\t\t\t\tif (pickm < vri_mopening_pick[1]) {\n\t\t\t\t\t\/\/ location is still closed at this time\n\t\t\t\t\tjQuery('#vricomselpm').find('select').html('<option value=\"'+vri_mopening_pick[1]+'\">'+(vri_mopening_pick[1] < 10 ? '0'+vri_mopening_pick[1] : vri_mopening_pick[1])+'<\/option>').val(vri_mopening_pick[1]);\n\t\t\t\t}\n\t\t\t}\n\t\t\tif (pickh == vri_mopening_pick[2]) {\n\t\t\t\tif (pickm > vri_mopening_pick[3]) {\n\t\t\t\t\t\/\/ location is already closed at this time for a pick up\n\t\t\t\t\tjQuery('#vricomselpm').find('select').html('<option value=\"'+vri_mopening_pick[3]+'\">'+(vri_mopening_pick[3] < 10 ? '0'+vri_mopening_pick[3] : vri_mopening_pick[3])+'<\/option>').val(vri_mopening_pick[3]);\n\t\t\t\t}\n\t\t\t}\n\t\t}\n\n\t\tif (vri_mopening_drop !== null) {\n\t\t\t\/\/ dropoff time\n\t\t\tvar droph = jQuery('#vricomseldh').find('select').val();\n\t\t\tvar dropm = jQuery('#vricomseldm').find('select').val();\n\t\t\tif (!droph || !droph.length || !dropm) {\n\t\t\t\treturn true;\n\t\t\t}\n\t\t\tdroph = vriCleanNumber(droph);\n\t\t\tdropm = vriCleanNumber(dropm);\n\t\t\tif (droph == vri_mopening_drop[0]) {\n\t\t\t\tif (dropm > vri_mopening_drop[1]) {\n\t\t\t\t\t\/\/ location is already closed at this time\n\t\t\t\t\tjQuery('#vricomseldm').find('select').html('<option value=\"'+vri_mopening_drop[1]+'\">'+(vri_mopening_drop[1] < 10 ? '0'+vri_mopening_drop[1] : vri_mopening_drop[1])+'<\/option>').val(vri_mopening_drop[1]);\n\t\t\t\t}\n\t\t\t}\n\t\t\tif (droph == vri_mopening_drop[2]) {\n\t\t\t\tif (dropm < vri_mopening_drop[3]) {\n\t\t\t\t\t\/\/ location is still closed at this time for a drop off\n\t\t\t\t\tjQuery('#vricomseldm').find('select').html('<option value=\"'+vri_mopening_drop[3]+'\">'+(vri_mopening_drop[3] < 10 ? '0'+vri_mopening_drop[3] : vri_mopening_drop[3])+'<\/option>').val(vri_mopening_drop[3]);\n\t\t\t\t}\n\t\t\t}\n\t\t}\n\n\t\treturn true;\n\t}\n\n\tjQuery(document).ready(function() {\n\t\n\t\tjQuery(document.body).on('click', '.vri-idetails-cal-pickday', function() {\n\t\t\tif (!jQuery(\"#pickupdate\").length) {\n\t\t\t\treturn;\n\t\t\t}\n\t\t\tvar tdday = jQuery(this).attr('data-daydate');\n\t\t\tif (!tdday || !tdday.length) {\n\t\t\t\treturn;\n\t\t\t}\n\t\t\t\/\/ set pick-up date in datepicker\n\t\t\tjQuery('#pickupdate').datepicker('setDate', tdday);\n\t\t\t\/\/ animate to datepickers position\n\t\t\tif (jQuery(\"#vri-bookingpart-init\").length) {\n\t\t\t\tjQuery('html,body').animate({\n\t\t\t\t\tscrollTop: (jQuery('#vri-bookingpart-init').offset().top - 5)\n\t\t\t\t}, 600, function() {\n\t\t\t\t\t\/\/ animation-complete callback should simulate the onSelect event of the pick-up datepicker\n\t\t\t\t\tif (typeof vriSetMinDropoffDate !== \"undefined\") {\n\t\t\t\t\t\tvriSetMinDropoffDate();\n\t\t\t\t\t}\n\t\t\t\t\tif (typeof vriLocationWopening !== \"undefined\") {\n\t\t\t\t\t\tvriLocationWopening('pickup');\n\t\t\t\t\t}\n\t\t\t\t\t\/\/ give focus to drop-off datepicker\n\t\t\t\t\tif (jQuery('#releasedate').length) {\n\t\t\t\t\t\tjQuery('#releasedate').focus();\n\t\t\t\t\t}\n\t\t\t\t});\n\t\t\t}\n\t\t});\n\t});\n\t<\/script>\n\t<\/div>\n\n<\/div>\n\n","protected":false},"excerpt":{"rendered":"","protected":false},"author":1,"featured_media":0,"parent":2052,"menu_order":0,"comment_status":"closed","ping_status":"closed","template":"","meta":{"site-sidebar-layout":"default","site-content-layout":"","ast-site-content-layout":"default","site-content-style":"default","site-sidebar-style":"default","ast-global-header-display":"","ast-banner-title-visibility":"","ast-main-header-display":"","ast-hfb-above-header-display":"","ast-hfb-below-header-display":"","ast-hfb-mobile-header-display":"","site-post-title":"","ast-breadcrumbs-content":"","ast-featured-img":"","footer-sml-layout":"","ast-disable-related-posts":"","theme-transparent-header-meta":"","adv-header-id-meta":"","stick-header-meta":"","header-above-stick-meta":"","header-main-stick-meta":"","header-below-stick-meta":"","astra-migrate-meta-layouts":"default","ast-page-background-enabled":"default","ast-page-background-meta":{"desktop":{"background-color":"var(--ast-global-color-4)","background-image":"","background-repeat":"repeat","background-position":"center center","background-size":"auto","background-attachment":"scroll","background-type":"","background-media":"","overlay-type":"","overlay-color":"","overlay-opacity":"","overlay-gradient":""},"tablet":{"background-color":"","background-image":"","background-repeat":"repeat","background-position":"center center","background-size":"auto","background-attachment":"scroll","background-type":"","background-media":"","overlay-type":"","overlay-color":"","overlay-opacity":"","overlay-gradient":""},"mobile":{"background-color":"","background-image":"","background-repeat":"repeat","background-position":"center center","background-size":"auto","background-attachment":"scroll","background-type":"","background-media":"","overlay-type":"","overlay-color":"","overlay-opacity":"","overlay-gradient":""}},"ast-content-background-meta":{"desktop":{"background-color":"var(--ast-global-color-5)","background-image":"","background-repeat":"repeat","background-position":"center center","background-size":"auto","background-attachment":"scroll","background-type":"","background-media":"","overlay-type":"","overlay-color":"","overlay-opacity":"","overlay-gradient":""},"tablet":{"background-color":"var(--ast-global-color-5)","background-image":"","background-repeat":"repeat","background-position":"center center","background-size":"auto","background-attachment":"scroll","background-type":"","background-media":"","overlay-type":"","overlay-color":"","overlay-opacity":"","overlay-gradient":""},"mobile":{"background-color":"var(--ast-global-color-5)","background-image":"","background-repeat":"repeat","background-position":"center center","background-size":"auto","background-attachment":"scroll","background-type":"","background-media":"","overlay-type":"","overlay-color":"","overlay-opacity":"","overlay-gradient":""}},"_mbp_gutenberg_autopost":false,"footnotes":""},"class_list":["post-3101","page","type-page","status-publish","hentry"],"_links":{"self":[{"href":"https:\/\/scooterandbikerental.com\/fr\/wp-json\/wp\/v2\/pages\/3101","targetHints":{"allow":["GET"]}}],"collection":[{"href":"https:\/\/scooterandbikerental.com\/fr\/wp-json\/wp\/v2\/pages"}],"about":[{"href":"https:\/\/scooterandbikerental.com\/fr\/wp-json\/wp\/v2\/types\/page"}],"author":[{"embeddable":true,"href":"https:\/\/scooterandbikerental.com\/fr\/wp-json\/wp\/v2\/users\/1"}],"replies":[{"embeddable":true,"href":"https:\/\/scooterandbikerental.com\/fr\/wp-json\/wp\/v2\/comments?post=3101"}],"version-history":[{"count":2,"href":"https:\/\/scooterandbikerental.com\/fr\/wp-json\/wp\/v2\/pages\/3101\/revisions"}],"predecessor-version":[{"id":4580,"href":"https:\/\/scooterandbikerental.com\/fr\/wp-json\/wp\/v2\/pages\/3101\/revisions\/4580"}],"up":[{"embeddable":true,"href":"https:\/\/scooterandbikerental.com\/fr\/wp-json\/wp\/v2\/pages\/2052"}],"wp:attachment":[{"href":"https:\/\/scooterandbikerental.com\/fr\/wp-json\/wp\/v2\/media?parent=3101"}],"curies":[{"name":"wp","href":"https:\/\/api.w.org\/{rel}","templated":true}]}}